{"id":376,"date":"2022-12-05T18:20:03","date_gmt":"2022-12-05T18:20:03","guid":{"rendered":"https:\/\/www.partystany.online\/?page_id=376"},"modified":"2022-12-05T18:30:36","modified_gmt":"2022-12-05T18:30:36","slug":"mapa","status":"publish","type":"page","link":"https:\/\/www.partystany.online\/index.php\/mapa\/","title":{"rendered":"MAPA"},"content":{"rendered":"<p><iframe loading=\"lazy\" style=\"border: 0;\" tabindex=\"0\" src=\"https:\/\/www.google.com\/maps\/embed?pb=!1m14!1m8!1m3!1d5122.1629267335975!2d14.4095825!3d50.066036!3m2!1i1024!2i768!4f13.1!3m3!1m2!1s0x470b945bfda3bfe5%3A0xe428fc7f2a3b0610!2zVG9tw6HFoSBJdmFub3ZpxI0gLyBBZ2VudHVyQSBUc3VuYW1p!5e0!3m2!1scs!2scz!4v1611780603382!5m2!1scs!2scz\" width=\"800\" height=\"600\" frameborder=\"0\" allowfullscreen=\"allowfullscreen\" aria-hidden=\"false\"><\/iframe><\/p>\n<a class=\"maxbutton-8 maxbutton maxbutton-zpet\" href=\"https:\/\/www.partystany.online\/\"><span class='mb-text'>ZP\u011aT<\/span><\/a>\n","protected":false},"excerpt":{"rendered":"","protected":false},"author":1,"featured_media":0,"parent":0,"menu_order":0,"comment_status":"closed","ping_status":"closed","template":"","meta":{"footnotes":""},"class_list":["post-376","page","type-page","status-publish","hentry"],"yoast_head":"<!-- This site is optimized with the Yoast SEO plugin v25.0 - https:\/\/yoast.com\/wordpress\/plugins\/seo\/ -->\n<title>MAPA - Party stany - party vybaven\u00ed<\/title>\n<meta name=\"robots\" content=\"index, follow, max-snippet:-1, max-image-preview:large, max-video-preview:-1\" \/>\n<link rel=\"canonical\" href=\"https:\/\/www.partystany.online\/index.php\/mapa\/\" \/>\n<meta property=\"og:locale\" content=\"cs_CZ\" \/>\n<meta property=\"og:type\" content=\"article\" \/>\n<meta property=\"og:title\" content=\"MAPA - Party stany - party vybaven\u00ed\" \/>\n<meta property=\"og:url\" content=\"https:\/\/www.partystany.online\/index.php\/mapa\/\" \/>\n<meta property=\"og:site_name\" content=\"Party stany - party vybaven\u00ed\" \/>\n<meta property=\"article:modified_time\" content=\"2022-12-05T18:30:36+00:00\" \/>\n<meta name=\"twitter:card\" content=\"summary_large_image\" \/>\n<script type=\"application\/ld+json\" class=\"yoast-schema-graph\">{\"@context\":\"https:\/\/schema.org\",\"@graph\":[{\"@type\":\"WebPage\",\"@id\":\"https:\/\/www.partystany.online\/index.php\/mapa\/\",\"url\":\"https:\/\/www.partystany.online\/index.php\/mapa\/\",\"name\":\"MAPA - Party stany - party vybaven\u00ed\",\"isPartOf\":{\"@id\":\"https:\/\/www.partystany.online\/#website\"},\"datePublished\":\"2022-12-05T18:20:03+00:00\",\"dateModified\":\"2022-12-05T18:30:36+00:00\",\"breadcrumb\":{\"@id\":\"https:\/\/www.partystany.online\/index.php\/mapa\/#breadcrumb\"},\"inLanguage\":\"cs\",\"potentialAction\":[{\"@type\":\"ReadAction\",\"target\":[\"https:\/\/www.partystany.online\/index.php\/mapa\/\"]}]},{\"@type\":\"BreadcrumbList\",\"@id\":\"https:\/\/www.partystany.online\/index.php\/mapa\/#breadcrumb\",\"itemListElement\":[{\"@type\":\"ListItem\",\"position\":1,\"name\":\"Dom\u016f\",\"item\":\"https:\/\/www.partystany.online\/\"},{\"@type\":\"ListItem\",\"position\":2,\"name\":\"MAPA\"}]},{\"@type\":\"WebSite\",\"@id\":\"https:\/\/www.partystany.online\/#website\",\"url\":\"https:\/\/www.partystany.online\/\",\"name\":\"Party stany - party vybaven\u00ed\",\"description\":\"P\u016fj\u010dovna pro Va\u0161i \u00fasp\u011b\u0161nou party.\",\"publisher\":{\"@id\":\"https:\/\/www.partystany.online\/#organization\"},\"potentialAction\":[{\"@type\":\"SearchAction\",\"target\":{\"@type\":\"EntryPoint\",\"urlTemplate\":\"https:\/\/www.partystany.online\/?s={search_term_string}\"},\"query-input\":{\"@type\":\"PropertyValueSpecification\",\"valueRequired\":true,\"valueName\":\"search_term_string\"}}],\"inLanguage\":\"cs\"},{\"@type\":\"Organization\",\"@id\":\"https:\/\/www.partystany.online\/#organization\",\"name\":\"Party stany - party vybaven\u00ed\",\"url\":\"https:\/\/www.partystany.online\/\",\"logo\":{\"@type\":\"ImageObject\",\"inLanguage\":\"cs\",\"@id\":\"https:\/\/www.partystany.online\/#\/schema\/logo\/image\/\",\"url\":\"https:\/\/www.partystany.online\/wp-content\/uploads\/2021\/01\/cropped-cropped-logo_aa_PRO_1X1_445.jpg\",\"contentUrl\":\"https:\/\/www.partystany.online\/wp-content\/uploads\/2021\/01\/cropped-cropped-logo_aa_PRO_1X1_445.jpg\",\"width\":445,\"height\":246,\"caption\":\"Party stany - party vybaven\u00ed\"},\"image\":{\"@id\":\"https:\/\/www.partystany.online\/#\/schema\/logo\/image\/\"}}]}<\/script>\n<!-- \/ Yoast SEO plugin. -->","yoast_head_json":{"title":"MAPA - Party stany - party vybaven\u00ed","robots":{"index":"index","follow":"follow","max-snippet":"max-snippet:-1","max-image-preview":"max-image-preview:large","max-video-preview":"max-video-preview:-1"},"canonical":"https:\/\/www.partystany.online\/index.php\/mapa\/","og_locale":"cs_CZ","og_type":"article","og_title":"MAPA - Party stany - party vybaven\u00ed","og_url":"https:\/\/www.partystany.online\/index.php\/mapa\/","og_site_name":"Party stany - party vybaven\u00ed","article_modified_time":"2022-12-05T18:30:36+00:00","twitter_card":"summary_large_image","schema":{"@context":"https:\/\/schema.org","@graph":[{"@type":"WebPage","@id":"https:\/\/www.partystany.online\/index.php\/mapa\/","url":"https:\/\/www.partystany.online\/index.php\/mapa\/","name":"MAPA - Party stany - party vybaven\u00ed","isPartOf":{"@id":"https:\/\/www.partystany.online\/#website"},"datePublished":"2022-12-05T18:20:03+00:00","dateModified":"2022-12-05T18:30:36+00:00","breadcrumb":{"@id":"https:\/\/www.partystany.online\/index.php\/mapa\/#breadcrumb"},"inLanguage":"cs","potentialAction":[{"@type":"ReadAction","target":["https:\/\/www.partystany.online\/index.php\/mapa\/"]}]},{"@type":"BreadcrumbList","@id":"https:\/\/www.partystany.online\/index.php\/mapa\/#breadcrumb","itemListElement":[{"@type":"ListItem","position":1,"name":"Dom\u016f","item":"https:\/\/www.partystany.online\/"},{"@type":"ListItem","position":2,"name":"MAPA"}]},{"@type":"WebSite","@id":"https:\/\/www.partystany.online\/#website","url":"https:\/\/www.partystany.online\/","name":"Party stany - party vybaven\u00ed","description":"P\u016fj\u010dovna pro Va\u0161i \u00fasp\u011b\u0161nou party.","publisher":{"@id":"https:\/\/www.partystany.online\/#organization"},"potentialAction":[{"@type":"SearchAction","target":{"@type":"EntryPoint","urlTemplate":"https:\/\/www.partystany.online\/?s={search_term_string}"},"query-input":{"@type":"PropertyValueSpecification","valueRequired":true,"valueName":"search_term_string"}}],"inLanguage":"cs"},{"@type":"Organization","@id":"https:\/\/www.partystany.online\/#organization","name":"Party stany - party vybaven\u00ed","url":"https:\/\/www.partystany.online\/","logo":{"@type":"ImageObject","inLanguage":"cs","@id":"https:\/\/www.partystany.online\/#\/schema\/logo\/image\/","url":"https:\/\/www.partystany.online\/wp-content\/uploads\/2021\/01\/cropped-cropped-logo_aa_PRO_1X1_445.jpg","contentUrl":"https:\/\/www.partystany.online\/wp-content\/uploads\/2021\/01\/cropped-cropped-logo_aa_PRO_1X1_445.jpg","width":445,"height":246,"caption":"Party stany - party vybaven\u00ed"},"image":{"@id":"https:\/\/www.partystany.online\/#\/schema\/logo\/image\/"}}]}},"_links":{"self":[{"href":"https:\/\/www.partystany.online\/index.php\/wp-json\/wp\/v2\/pages\/376","targetHints":{"allow":["GET"]}}],"collection":[{"href":"https:\/\/www.partystany.online\/index.php\/wp-json\/wp\/v2\/pages"}],"about":[{"href":"https:\/\/www.partystany.online\/index.php\/wp-json\/wp\/v2\/types\/page"}],"author":[{"embeddable":true,"href":"https:\/\/www.partystany.online\/index.php\/wp-json\/wp\/v2\/users\/1"}],"replies":[{"embeddable":true,"href":"https:\/\/www.partystany.online\/index.php\/wp-json\/wp\/v2\/comments?post=376"}],"version-history":[{"count":0,"href":"https:\/\/www.partystany.online\/index.php\/wp-json\/wp\/v2\/pages\/376\/revisions"}],"wp:attachment":[{"href":"https:\/\/www.partystany.online\/index.php\/wp-json\/wp\/v2\/media?parent=376"}],"curies":[{"name":"wp","href":"https:\/\/api.w.org\/{rel}","templated":true}]}}