{"id":363,"date":"2022-12-05T17:14:05","date_gmt":"2022-12-05T17:14:05","guid":{"rendered":"https:\/\/www.partystany.online\/?page_id=363"},"modified":"2022-12-05T17:14:05","modified_gmt":"2022-12-05T17:14:05","slug":"partneri","status":"publish","type":"page","link":"https:\/\/www.partystany.online\/index.php\/partneri\/","title":{"rendered":"Partne\u0159i"},"content":{"rendered":"<p><a href=\"http:\/\/www.celtima.cz\" target=\"_blank\" rel=\"noopener\">\u00a0<img loading=\"lazy\" decoding=\"async\" class=\"alignnone wp-image-137 size-thumbnail\" src=\"https:\/\/www.partystany.online\/wp-content\/uploads\/2021\/01\/logo-celtima-150x150.png\" alt=\"Party stany\" width=\"150\" height=\"150\" srcset=\"https:\/\/www.partystany.online\/wp-content\/uploads\/2021\/01\/logo-celtima-150x150.png 150w, https:\/\/www.partystany.online\/wp-content\/uploads\/2021\/01\/logo-celtima-60x60.png 60w, https:\/\/www.partystany.online\/wp-content\/uploads\/2021\/01\/logo-celtima-235x235.png 235w, https:\/\/www.partystany.online\/wp-content\/uploads\/2021\/01\/logo-celtima-255x255.png 255w, https:\/\/www.partystany.online\/wp-content\/uploads\/2021\/01\/logo-celtima-100x100.png 100w, https:\/\/www.partystany.online\/wp-content\/uploads\/2021\/01\/logo-celtima.png 300w\" sizes=\"auto, (max-width: 150px) 100vw, 150px\" \/><\/a><a href=\"http:\/\/www.pskv.cz\"><img loading=\"lazy\" decoding=\"async\" class=\"alignnone wp-image-138 size-thumbnail\" src=\"https:\/\/www.partystany.online\/wp-content\/uploads\/2021\/01\/PSKV_Logo-1aa_Press-150x150.jpg\" alt=\"Dra\u010d\u00ed lod\u011b\" width=\"150\" height=\"150\" srcset=\"https:\/\/www.partystany.online\/wp-content\/uploads\/2021\/01\/PSKV_Logo-1aa_Press-150x150.jpg 150w, https:\/\/www.partystany.online\/wp-content\/uploads\/2021\/01\/PSKV_Logo-1aa_Press-60x60.jpg 60w, https:\/\/www.partystany.online\/wp-content\/uploads\/2021\/01\/PSKV_Logo-1aa_Press-100x100.jpg 100w, https:\/\/www.partystany.online\/wp-content\/uploads\/2021\/01\/PSKV_Logo-1aa_Press.jpg 160w\" sizes=\"auto, (max-width: 150px) 100vw, 150px\" \/><a class=\"maxbutton-8 maxbutton maxbutton-zpet\" href=\"https:\/\/www.partystany.online\/\"><span class='mb-text'>ZP\u011aT<\/span><\/a> <\/a><\/p>\n","protected":false},"excerpt":{"rendered":"<p>\u00a0<\/p>\n","protected":false},"author":1,"featured_media":0,"parent":0,"menu_order":0,"comment_status":"closed","ping_status":"closed","template":"","meta":{"footnotes":""},"class_list":["post-363","page","type-page","status-publish","hentry"],"yoast_head":"<!-- This site is optimized with the Yoast SEO plugin v25.0 - https:\/\/yoast.com\/wordpress\/plugins\/seo\/ -->\n<title>Partne\u0159i - Party stany - party vybaven\u00ed<\/title>\n<meta name=\"robots\" content=\"index, follow, max-snippet:-1, max-image-preview:large, max-video-preview:-1\" \/>\n<link rel=\"canonical\" href=\"https:\/\/www.partystany.online\/index.php\/partneri\/\" \/>\n<meta property=\"og:locale\" content=\"cs_CZ\" \/>\n<meta property=\"og:type\" content=\"article\" \/>\n<meta property=\"og:title\" content=\"Partne\u0159i - Party stany - party vybaven\u00ed\" \/>\n<meta property=\"og:description\" content=\"\u00a0\" \/>\n<meta property=\"og:url\" content=\"https:\/\/www.partystany.online\/index.php\/partneri\/\" \/>\n<meta property=\"og:site_name\" content=\"Party stany - party vybaven\u00ed\" \/>\n<meta property=\"og:image\" content=\"https:\/\/www.partystany.online\/wp-content\/uploads\/2021\/01\/logo-celtima-150x150.png\" \/>\n<meta name=\"twitter:card\" content=\"summary_large_image\" \/>\n<meta name=\"twitter:label1\" content=\"Odhadovan\u00e1 doba \u010dten\u00ed\" \/>\n\t<meta name=\"twitter:data1\" content=\"1 minuta\" \/>\n<script type=\"application\/ld+json\" class=\"yoast-schema-graph\">{\"@context\":\"https:\/\/schema.org\",\"@graph\":[{\"@type\":\"WebPage\",\"@id\":\"https:\/\/www.partystany.online\/index.php\/partneri\/\",\"url\":\"https:\/\/www.partystany.online\/index.php\/partneri\/\",\"name\":\"Partne\u0159i - Party stany - party vybaven\u00ed\",\"isPartOf\":{\"@id\":\"https:\/\/www.partystany.online\/#website\"},\"primaryImageOfPage\":{\"@id\":\"https:\/\/www.partystany.online\/index.php\/partneri\/#primaryimage\"},\"image\":{\"@id\":\"https:\/\/www.partystany.online\/index.php\/partneri\/#primaryimage\"},\"thumbnailUrl\":\"https:\/\/www.partystany.online\/wp-content\/uploads\/2021\/01\/logo-celtima-150x150.png\",\"datePublished\":\"2022-12-05T17:14:05+00:00\",\"breadcrumb\":{\"@id\":\"https:\/\/www.partystany.online\/index.php\/partneri\/#breadcrumb\"},\"inLanguage\":\"cs\",\"potentialAction\":[{\"@type\":\"ReadAction\",\"target\":[\"https:\/\/www.partystany.online\/index.php\/partneri\/\"]}]},{\"@type\":\"ImageObject\",\"inLanguage\":\"cs\",\"@id\":\"https:\/\/www.partystany.online\/index.php\/partneri\/#primaryimage\",\"url\":\"https:\/\/www.partystany.online\/wp-content\/uploads\/2021\/01\/logo-celtima.png\",\"contentUrl\":\"https:\/\/www.partystany.online\/wp-content\/uploads\/2021\/01\/logo-celtima.png\",\"width\":300,\"height\":301,\"caption\":\"Party stany\"},{\"@type\":\"BreadcrumbList\",\"@id\":\"https:\/\/www.partystany.online\/index.php\/partneri\/#breadcrumb\",\"itemListElement\":[{\"@type\":\"ListItem\",\"position\":1,\"name\":\"Dom\u016f\",\"item\":\"https:\/\/www.partystany.online\/\"},{\"@type\":\"ListItem\",\"position\":2,\"name\":\"Partne\u0159i\"}]},{\"@type\":\"WebSite\",\"@id\":\"https:\/\/www.partystany.online\/#website\",\"url\":\"https:\/\/www.partystany.online\/\",\"name\":\"Party stany - party vybaven\u00ed\",\"description\":\"P\u016fj\u010dovna pro Va\u0161i \u00fasp\u011b\u0161nou party.\",\"publisher\":{\"@id\":\"https:\/\/www.partystany.online\/#organization\"},\"potentialAction\":[{\"@type\":\"SearchAction\",\"target\":{\"@type\":\"EntryPoint\",\"urlTemplate\":\"https:\/\/www.partystany.online\/?s={search_term_string}\"},\"query-input\":{\"@type\":\"PropertyValueSpecification\",\"valueRequired\":true,\"valueName\":\"search_term_string\"}}],\"inLanguage\":\"cs\"},{\"@type\":\"Organization\",\"@id\":\"https:\/\/www.partystany.online\/#organization\",\"name\":\"Party stany - party vybaven\u00ed\",\"url\":\"https:\/\/www.partystany.online\/\",\"logo\":{\"@type\":\"ImageObject\",\"inLanguage\":\"cs\",\"@id\":\"https:\/\/www.partystany.online\/#\/schema\/logo\/image\/\",\"url\":\"https:\/\/www.partystany.online\/wp-content\/uploads\/2021\/01\/cropped-cropped-logo_aa_PRO_1X1_445.jpg\",\"contentUrl\":\"https:\/\/www.partystany.online\/wp-content\/uploads\/2021\/01\/cropped-cropped-logo_aa_PRO_1X1_445.jpg\",\"width\":445,\"height\":246,\"caption\":\"Party stany - party vybaven\u00ed\"},\"image\":{\"@id\":\"https:\/\/www.partystany.online\/#\/schema\/logo\/image\/\"}}]}<\/script>\n<!-- \/ Yoast SEO plugin. -->","yoast_head_json":{"title":"Partne\u0159i - Party stany - party vybaven\u00ed","robots":{"index":"index","follow":"follow","max-snippet":"max-snippet:-1","max-image-preview":"max-image-preview:large","max-video-preview":"max-video-preview:-1"},"canonical":"https:\/\/www.partystany.online\/index.php\/partneri\/","og_locale":"cs_CZ","og_type":"article","og_title":"Partne\u0159i - Party stany - party vybaven\u00ed","og_description":"\u00a0","og_url":"https:\/\/www.partystany.online\/index.php\/partneri\/","og_site_name":"Party stany - party vybaven\u00ed","og_image":[{"url":"https:\/\/www.partystany.online\/wp-content\/uploads\/2021\/01\/logo-celtima-150x150.png","type":"","width":"","height":""}],"twitter_card":"summary_large_image","twitter_misc":{"Odhadovan\u00e1 doba \u010dten\u00ed":"1 minuta"},"schema":{"@context":"https:\/\/schema.org","@graph":[{"@type":"WebPage","@id":"https:\/\/www.partystany.online\/index.php\/partneri\/","url":"https:\/\/www.partystany.online\/index.php\/partneri\/","name":"Partne\u0159i - Party stany - party vybaven\u00ed","isPartOf":{"@id":"https:\/\/www.partystany.online\/#website"},"primaryImageOfPage":{"@id":"https:\/\/www.partystany.online\/index.php\/partneri\/#primaryimage"},"image":{"@id":"https:\/\/www.partystany.online\/index.php\/partneri\/#primaryimage"},"thumbnailUrl":"https:\/\/www.partystany.online\/wp-content\/uploads\/2021\/01\/logo-celtima-150x150.png","datePublished":"2022-12-05T17:14:05+00:00","breadcrumb":{"@id":"https:\/\/www.partystany.online\/index.php\/partneri\/#breadcrumb"},"inLanguage":"cs","potentialAction":[{"@type":"ReadAction","target":["https:\/\/www.partystany.online\/index.php\/partneri\/"]}]},{"@type":"ImageObject","inLanguage":"cs","@id":"https:\/\/www.partystany.online\/index.php\/partneri\/#primaryimage","url":"https:\/\/www.partystany.online\/wp-content\/uploads\/2021\/01\/logo-celtima.png","contentUrl":"https:\/\/www.partystany.online\/wp-content\/uploads\/2021\/01\/logo-celtima.png","width":300,"height":301,"caption":"Party stany"},{"@type":"BreadcrumbList","@id":"https:\/\/www.partystany.online\/index.php\/partneri\/#breadcrumb","itemListElement":[{"@type":"ListItem","position":1,"name":"Dom\u016f","item":"https:\/\/www.partystany.online\/"},{"@type":"ListItem","position":2,"name":"Partne\u0159i"}]},{"@type":"WebSite","@id":"https:\/\/www.partystany.online\/#website","url":"https:\/\/www.partystany.online\/","name":"Party stany - party vybaven\u00ed","description":"P\u016fj\u010dovna pro Va\u0161i \u00fasp\u011b\u0161nou party.","publisher":{"@id":"https:\/\/www.partystany.online\/#organization"},"potentialAction":[{"@type":"SearchAction","target":{"@type":"EntryPoint","urlTemplate":"https:\/\/www.partystany.online\/?s={search_term_string}"},"query-input":{"@type":"PropertyValueSpecification","valueRequired":true,"valueName":"search_term_string"}}],"inLanguage":"cs"},{"@type":"Organization","@id":"https:\/\/www.partystany.online\/#organization","name":"Party stany - party vybaven\u00ed","url":"https:\/\/www.partystany.online\/","logo":{"@type":"ImageObject","inLanguage":"cs","@id":"https:\/\/www.partystany.online\/#\/schema\/logo\/image\/","url":"https:\/\/www.partystany.online\/wp-content\/uploads\/2021\/01\/cropped-cropped-logo_aa_PRO_1X1_445.jpg","contentUrl":"https:\/\/www.partystany.online\/wp-content\/uploads\/2021\/01\/cropped-cropped-logo_aa_PRO_1X1_445.jpg","width":445,"height":246,"caption":"Party stany - party vybaven\u00ed"},"image":{"@id":"https:\/\/www.partystany.online\/#\/schema\/logo\/image\/"}}]}},"_links":{"self":[{"href":"https:\/\/www.partystany.online\/index.php\/wp-json\/wp\/v2\/pages\/363","targetHints":{"allow":["GET"]}}],"collection":[{"href":"https:\/\/www.partystany.online\/index.php\/wp-json\/wp\/v2\/pages"}],"about":[{"href":"https:\/\/www.partystany.online\/index.php\/wp-json\/wp\/v2\/types\/page"}],"author":[{"embeddable":true,"href":"https:\/\/www.partystany.online\/index.php\/wp-json\/wp\/v2\/users\/1"}],"replies":[{"embeddable":true,"href":"https:\/\/www.partystany.online\/index.php\/wp-json\/wp\/v2\/comments?post=363"}],"version-history":[{"count":0,"href":"https:\/\/www.partystany.online\/index.php\/wp-json\/wp\/v2\/pages\/363\/revisions"}],"wp:attachment":[{"href":"https:\/\/www.partystany.online\/index.php\/wp-json\/wp\/v2\/media?parent=363"}],"curies":[{"name":"wp","href":"https:\/\/api.w.org\/{rel}","templated":true}]}}