{"id":314,"date":"2022-12-05T10:41:46","date_gmt":"2022-12-05T10:41:46","guid":{"rendered":"https:\/\/www.partystany.online\/?page_id=314"},"modified":"2025-05-02T14:25:28","modified_gmt":"2025-05-02T14:25:28","slug":"vitejte-v-pujcovne-party-stanu","status":"publish","type":"page","link":"https:\/\/www.partystany.online\/","title":{"rendered":""},"content":{"rendered":"<p><a class=\"maxbutton-1 maxbutton maxbutton-stany\" href=\"https:\/\/www.partystany.online\/index.php\/party-stany-vybaveni\/\"><span class='mb-text'>STANY<\/span><\/a><a class=\"maxbutton-2 maxbutton maxbutton-vybavei\" href=\"https:\/\/www.partystany.online\/index.php\/party-vybaveni\/\"><span class='mb-text'>VYBAVEN\u00cd<\/span><\/a><a class=\"maxbutton-4 maxbutton maxbutton-technika\" href=\"https:\/\/www.partystany.online\/index.php\/party-technika-a-support\/\"><span class='mb-text'>TECHNIKA<\/span><\/a><a class=\"maxbutton-3 maxbutton maxbutton-automaty\" href=\"https:\/\/www.partystany.online\/index.php\/napojove-automaty\/\"><span class='mb-text'>AUTOMATY<\/span><\/a><a class=\"maxbutton-5 maxbutton maxbutton-kontakt\" href=\"https:\/\/www.partystany.online\/index.php\/kontakt\/\"><span class='mb-text'>KONTAKT<\/span><\/a><a class=\"maxbutton-6 maxbutton maxbutton-cenik\" target=\"_blank\" rel=\"noopener\" href=\"https:\/\/www.partystany.online\/wp-content\/uploads\/2022\/11\/AATSUNAMI_cenik_pujcovna_2023_1.pdf\"><span class='mb-text'>CEN\u00cdK<\/span><\/a><a class=\"maxbutton-9 maxbutton maxbutton-partneri\" href=\"https:\/\/www.partystany.online\/index.php\/partneri\/\"><span class='mb-text'>PARTNE\u0158I<\/span><\/a><a class=\"maxbutton-7 maxbutton maxbutton-fotografie\" target=\"_blank\" rel=\"noopener\" href=\"https:\/\/www.instagram.com\/aatsunami\/\"><span class='mb-text'>FOTO<\/span><\/a><a class=\"maxbutton-10 maxbutton maxbutton-fakturace\" href=\"https:\/\/www.partystany.online\/index.php\/fakturacni-udaje\/\"><span class='mb-text'>FAKTURACE<\/span><\/a><a class=\"maxbutton-11 maxbutton maxbutton-mapa\" target=\"_blank\" rel=\"noopener\" href=\"https:\/\/www.partystany.online\/index.php\/mapa\/\"><span class='mb-text'>MAPA<\/span><\/a><\/p>\n<h2 style=\"text-align: center;\">\u00a0P\u016fj\u010dovna party stan\u016f<\/h2>\n<p style=\"text-align: center;\">a<\/p>\n<h2 style=\"text-align: center;\">party vybaven\u00ed<\/h2>\n<p style=\"text-align: center;\">va\u0161\u00ed akci dod\u00e1 lesk a pot\u0159ebn\u00e9 z\u00e1zem\u00ed pro bezprobl\u00e9movou realizaci.<\/p>\n<p style=\"text-align: center;\"><span style=\"text-align: center;\">Na\u0161e slu\u017eb<\/span><span style=\"text-align: center;\">y \u010dekaj\u00ed na V\u00e1s!<\/span><\/p>\n","protected":false},"excerpt":{"rendered":"<p>\u00a0P\u016fj\u010dovna party stan\u016f a party vybaven\u00ed va\u0161\u00ed akci dod\u00e1 lesk a pot\u0159ebn\u00e9 z\u00e1zem\u00ed pro bezprobl\u00e9movou realizaci. Na\u0161e slu\u017eby \u010dekaj\u00ed na V\u00e1s!<\/p>\n","protected":false},"author":1,"featured_media":0,"parent":0,"menu_order":0,"comment_status":"closed","ping_status":"closed","template":"","meta":{"footnotes":""},"class_list":["post-314","page","type-page","status-publish","hentry"],"yoast_head":"<!-- This site is optimized with the Yoast SEO plugin v25.0 - https:\/\/yoast.com\/wordpress\/plugins\/seo\/ -->\n<title>P\u016fj\u010dovna party stan\u016f a party vybaven\u00ed pro v\u00e1s v\u010detn\u011b mont\u00e1\u017ee!<\/title>\n<meta name=\"description\" content=\"P\u016fj\u010dovna party stan\u016f, party vybaven\u00ed a party techniky pro va\u0161e bezprobl\u00e9mov\u00e9 akce. Akce, kter\u00e9 si u\u017eijete a budete na n\u011b r\u00e1di vzpom\u00ednat.\" \/>\n<meta name=\"robots\" content=\"index, follow, max-snippet:-1, max-image-preview:large, max-video-preview:-1\" \/>\n<link rel=\"canonical\" href=\"https:\/\/www.partystany.online\/\" \/>\n<meta property=\"og:locale\" content=\"cs_CZ\" \/>\n<meta property=\"og:type\" content=\"article\" \/>\n<meta property=\"og:title\" content=\"P\u016fj\u010dovna party stan\u016f a party vybaven\u00ed pro v\u00e1s v\u010detn\u011b mont\u00e1\u017ee!\" \/>\n<meta property=\"og:description\" content=\"P\u016fj\u010dovna party stan\u016f, party vybaven\u00ed a party techniky pro va\u0161e bezprobl\u00e9mov\u00e9 akce. Akce, kter\u00e9 si u\u017eijete a budete na n\u011b r\u00e1di vzpom\u00ednat.\" \/>\n<meta property=\"og:url\" content=\"https:\/\/www.partystany.online\/\" \/>\n<meta property=\"og:site_name\" content=\"Party stany - party vybaven\u00ed\" \/>\n<meta property=\"article:modified_time\" content=\"2025-05-02T14:25:28+00:00\" \/>\n<meta name=\"twitter:card\" content=\"summary_large_image\" \/>\n<meta name=\"twitter:label1\" content=\"Odhadovan\u00e1 doba \u010dten\u00ed\" \/>\n\t<meta name=\"twitter:data1\" content=\"1 minuta\" \/>\n<script type=\"application\/ld+json\" class=\"yoast-schema-graph\">{\"@context\":\"https:\/\/schema.org\",\"@graph\":[{\"@type\":\"WebPage\",\"@id\":\"https:\/\/www.partystany.online\/\",\"url\":\"https:\/\/www.partystany.online\/\",\"name\":\"P\u016fj\u010dovna party stan\u016f a party vybaven\u00ed pro v\u00e1s v\u010detn\u011b mont\u00e1\u017ee!\",\"isPartOf\":{\"@id\":\"https:\/\/www.partystany.online\/#website\"},\"datePublished\":\"2022-12-05T10:41:46+00:00\",\"dateModified\":\"2025-05-02T14:25:28+00:00\",\"description\":\"P\u016fj\u010dovna party stan\u016f, party vybaven\u00ed a party techniky pro va\u0161e bezprobl\u00e9mov\u00e9 akce. Akce, kter\u00e9 si u\u017eijete a budete na n\u011b r\u00e1di vzpom\u00ednat.\",\"inLanguage\":\"cs\",\"potentialAction\":[{\"@type\":\"ReadAction\",\"target\":[\"https:\/\/www.partystany.online\/\"]}]},{\"@type\":\"WebSite\",\"@id\":\"https:\/\/www.partystany.online\/#website\",\"url\":\"https:\/\/www.partystany.online\/\",\"name\":\"Party stany - party vybaven\u00ed\",\"description\":\"P\u016fj\u010dovna pro Va\u0161i \u00fasp\u011b\u0161nou party.\",\"publisher\":{\"@id\":\"https:\/\/www.partystany.online\/#organization\"},\"potentialAction\":[{\"@type\":\"SearchAction\",\"target\":{\"@type\":\"EntryPoint\",\"urlTemplate\":\"https:\/\/www.partystany.online\/?s={search_term_string}\"},\"query-input\":{\"@type\":\"PropertyValueSpecification\",\"valueRequired\":true,\"valueName\":\"search_term_string\"}}],\"inLanguage\":\"cs\"},{\"@type\":\"Organization\",\"@id\":\"https:\/\/www.partystany.online\/#organization\",\"name\":\"Party stany - party vybaven\u00ed\",\"url\":\"https:\/\/www.partystany.online\/\",\"logo\":{\"@type\":\"ImageObject\",\"inLanguage\":\"cs\",\"@id\":\"https:\/\/www.partystany.online\/#\/schema\/logo\/image\/\",\"url\":\"https:\/\/www.partystany.online\/wp-content\/uploads\/2021\/01\/cropped-cropped-logo_aa_PRO_1X1_445.jpg\",\"contentUrl\":\"https:\/\/www.partystany.online\/wp-content\/uploads\/2021\/01\/cropped-cropped-logo_aa_PRO_1X1_445.jpg\",\"width\":445,\"height\":246,\"caption\":\"Party stany - party vybaven\u00ed\"},\"image\":{\"@id\":\"https:\/\/www.partystany.online\/#\/schema\/logo\/image\/\"}}]}<\/script>\n<!-- \/ Yoast SEO plugin. -->","yoast_head_json":{"title":"P\u016fj\u010dovna party stan\u016f a party vybaven\u00ed pro v\u00e1s v\u010detn\u011b mont\u00e1\u017ee!","description":"P\u016fj\u010dovna party stan\u016f, party vybaven\u00ed a party techniky pro va\u0161e bezprobl\u00e9mov\u00e9 akce. Akce, kter\u00e9 si u\u017eijete a budete na n\u011b r\u00e1di vzpom\u00ednat.","robots":{"index":"index","follow":"follow","max-snippet":"max-snippet:-1","max-image-preview":"max-image-preview:large","max-video-preview":"max-video-preview:-1"},"canonical":"https:\/\/www.partystany.online\/","og_locale":"cs_CZ","og_type":"article","og_title":"P\u016fj\u010dovna party stan\u016f a party vybaven\u00ed pro v\u00e1s v\u010detn\u011b mont\u00e1\u017ee!","og_description":"P\u016fj\u010dovna party stan\u016f, party vybaven\u00ed a party techniky pro va\u0161e bezprobl\u00e9mov\u00e9 akce. Akce, kter\u00e9 si u\u017eijete a budete na n\u011b r\u00e1di vzpom\u00ednat.","og_url":"https:\/\/www.partystany.online\/","og_site_name":"Party stany - party vybaven\u00ed","article_modified_time":"2025-05-02T14:25:28+00:00","twitter_card":"summary_large_image","twitter_misc":{"Odhadovan\u00e1 doba \u010dten\u00ed":"1 minuta"},"schema":{"@context":"https:\/\/schema.org","@graph":[{"@type":"WebPage","@id":"https:\/\/www.partystany.online\/","url":"https:\/\/www.partystany.online\/","name":"P\u016fj\u010dovna party stan\u016f a party vybaven\u00ed pro v\u00e1s v\u010detn\u011b mont\u00e1\u017ee!","isPartOf":{"@id":"https:\/\/www.partystany.online\/#website"},"datePublished":"2022-12-05T10:41:46+00:00","dateModified":"2025-05-02T14:25:28+00:00","description":"P\u016fj\u010dovna party stan\u016f, party vybaven\u00ed a party techniky pro va\u0161e bezprobl\u00e9mov\u00e9 akce. Akce, kter\u00e9 si u\u017eijete a budete na n\u011b r\u00e1di vzpom\u00ednat.","inLanguage":"cs","potentialAction":[{"@type":"ReadAction","target":["https:\/\/www.partystany.online\/"]}]},{"@type":"WebSite","@id":"https:\/\/www.partystany.online\/#website","url":"https:\/\/www.partystany.online\/","name":"Party stany - party vybaven\u00ed","description":"P\u016fj\u010dovna pro Va\u0161i \u00fasp\u011b\u0161nou party.","publisher":{"@id":"https:\/\/www.partystany.online\/#organization"},"potentialAction":[{"@type":"SearchAction","target":{"@type":"EntryPoint","urlTemplate":"https:\/\/www.partystany.online\/?s={search_term_string}"},"query-input":{"@type":"PropertyValueSpecification","valueRequired":true,"valueName":"search_term_string"}}],"inLanguage":"cs"},{"@type":"Organization","@id":"https:\/\/www.partystany.online\/#organization","name":"Party stany - party vybaven\u00ed","url":"https:\/\/www.partystany.online\/","logo":{"@type":"ImageObject","inLanguage":"cs","@id":"https:\/\/www.partystany.online\/#\/schema\/logo\/image\/","url":"https:\/\/www.partystany.online\/wp-content\/uploads\/2021\/01\/cropped-cropped-logo_aa_PRO_1X1_445.jpg","contentUrl":"https:\/\/www.partystany.online\/wp-content\/uploads\/2021\/01\/cropped-cropped-logo_aa_PRO_1X1_445.jpg","width":445,"height":246,"caption":"Party stany - party vybaven\u00ed"},"image":{"@id":"https:\/\/www.partystany.online\/#\/schema\/logo\/image\/"}}]}},"_links":{"self":[{"href":"https:\/\/www.partystany.online\/index.php\/wp-json\/wp\/v2\/pages\/314","targetHints":{"allow":["GET"]}}],"collection":[{"href":"https:\/\/www.partystany.online\/index.php\/wp-json\/wp\/v2\/pages"}],"about":[{"href":"https:\/\/www.partystany.online\/index.php\/wp-json\/wp\/v2\/types\/page"}],"author":[{"embeddable":true,"href":"https:\/\/www.partystany.online\/index.php\/wp-json\/wp\/v2\/users\/1"}],"replies":[{"embeddable":true,"href":"https:\/\/www.partystany.online\/index.php\/wp-json\/wp\/v2\/comments?post=314"}],"version-history":[{"count":2,"href":"https:\/\/www.partystany.online\/index.php\/wp-json\/wp\/v2\/pages\/314\/revisions"}],"predecessor-version":[{"id":405,"href":"https:\/\/www.partystany.online\/index.php\/wp-json\/wp\/v2\/pages\/314\/revisions\/405"}],"wp:attachment":[{"href":"https:\/\/www.partystany.online\/index.php\/wp-json\/wp\/v2\/media?parent=314"}],"curies":[{"name":"wp","href":"https:\/\/api.w.org\/{rel}","templated":true}]}}