{"id":287,"date":"2022-09-15T13:52:55","date_gmt":"2022-09-15T13:52:55","guid":{"rendered":"https:\/\/www.partystany.online\/?page_id=287"},"modified":"2025-01-08T19:28:54","modified_gmt":"2025-01-08T19:28:54","slug":"party-technika-a-support","status":"publish","type":"page","link":"https:\/\/www.partystany.online\/index.php\/party-technika-a-support\/","title":{"rendered":"Party technika a support"},"content":{"rendered":"<p>Party technika a support pro va\u0161e akce bez zbyte\u010dn\u00fdch slo\u017eitost\u00ed.<\/p>\n<ol>\n<li>Pot\u0159ebuji zvuk, zvukovou aparaturu od 500W po 10000W, pro hudebn\u00ed produkci DJ, nebo nazvu\u010den\u00ed vystoupen\u00ed um\u011blce i s celou kapelou.<\/li>\n<li>Pot\u0159ebuji sv\u011btla pro nasv\u00edcen\u00ed stanu s gastronomi\u00ed, pro sezen\u00ed, pro hudebn\u00ed vystoupen\u00ed v\u010detn\u011b show kter\u00e1 ocen\u00ed i ml\u017en\u00fd opar. Led technologie od b\u00edl\u00e9 vany 2100Lm po inteligentn\u00ed sv\u011btla m\u011bn\u00edc\u00ed barvu a goba.<\/li>\n<li>Pot\u0159ebuji p\u00f3dium, kde vystoup\u00ed n\u011bkdo, kdo chce b\u00fdt vid\u011bt a sly\u0161et.<\/li>\n<li>Pot\u0159ebuji projekci na pl\u00e1tno a nebo TV.<img loading=\"lazy\" decoding=\"async\" class=\"alignright\" src=\"https:\/\/www.aatsunami.cz\/wp-content\/uploads\/2022\/04\/Snimek-obrazovky-2022-04-05-v-20.28.26.jpg\" alt=\"Party technika rent\" width=\"213\" height=\"210\" \/><\/li>\n<\/ol>\n<p>P\u0159esn\u011b proto jsme zde pro v\u00e1s!<\/p>\n<p>Party technika a support je n\u00e1\u0161 denn\u00ed chleba. Techniku v\u00e1m pronajmeme, dovezeme a\u00a0 nainstalujeme.<\/p>\n<p>Nem\u00e1te-li vlastn\u00ed obsluhu, vybaven\u00ed obsluhujeme po celou dobu akce.<\/p>\n<p>V p\u0159\u00edpad\u011b, \u017ee nem\u00e1te jasno co v\u0161e budete pot\u0159ebovat, r\u00e1di porad\u00edme. Pom\u016f\u017eeme zvolit ide\u00e1ln\u00ed ozvu\u010den\u00ed prostor pro danou produkci. Vybereme spr\u00e1vn\u00e1 sv\u011btla, kter\u00e9 akci umocn\u00ed a pos\u00edl\u00ed dojem z eventu.\u00a0 Jeden a tent\u00fd\u017e s\u00e1l a poka\u017ed\u00e9 jin\u00fd d\u00edky LED technologi\u00edm. Barva s\u00e1lu d\u011bl\u00e1 hodn\u011b.<\/p>\n<p><img loading=\"lazy\" decoding=\"async\" class=\"wp-image-299 size-full aligncenter\" src=\"https:\/\/www.partystany.online\/wp-content\/uploads\/2022\/10\/PHPS-scaled.jpg\" alt=\"Nasv\u00edcen\u00ed s\u00e1lu LED technologi\u00ed\" width=\"2560\" height=\"637\" srcset=\"https:\/\/www.partystany.online\/wp-content\/uploads\/2022\/10\/PHPS-scaled.jpg 2560w, https:\/\/www.partystany.online\/wp-content\/uploads\/2022\/10\/PHPS-300x75.jpg 300w, https:\/\/www.partystany.online\/wp-content\/uploads\/2022\/10\/PHPS-1024x255.jpg 1024w, https:\/\/www.partystany.online\/wp-content\/uploads\/2022\/10\/PHPS-768x191.jpg 768w, https:\/\/www.partystany.online\/wp-content\/uploads\/2022\/10\/PHPS-1536x382.jpg 1536w, https:\/\/www.partystany.online\/wp-content\/uploads\/2022\/10\/PHPS-2048x510.jpg 2048w\" sizes=\"auto, (max-width: 2560px) 100vw, 2560px\" \/><\/p>\n<p>Nev\u00edte jak v\u00fdkonn\u00fd projektor, jak velik\u00e9 pl\u00e1tno a jestli nesta\u010d\u00ed pouze TV na stativu. Nejste si jist\u00ed, zda je v prostoru dost elektrick\u00e9 energie. Spo\u010d\u00edt\u00e1me a v p\u0159\u00edpad\u011b pot\u0159eby prostor pos\u00edl\u00edme elektrick\u00fdmi rozvody.<\/p>\n<p>To v\u0161e vy\u0159e\u0161\u00edme spole\u010dn\u011b ke v\u0161eobecn\u00e9 spokojenosti a hlavn\u011b zdaru akce.<\/p>\n<p>&nbsp;<\/p>\n<p><a class=\"maxbutton-7 maxbutton maxbutton-fotografie\" target=\"_blank\" rel=\"noopener\" href=\"https:\/\/www.instagram.com\/aatsunami\/\"><span class='mb-text'>FOTO<\/span><\/a> <a class=\"maxbutton-6 maxbutton maxbutton-cenik\" target=\"_blank\" rel=\"noopener\" href=\"https:\/\/www.partystany.online\/wp-content\/uploads\/2022\/11\/AATSUNAMI_cenik_pujcovna_2023_1.pdf\"><span class='mb-text'>CEN\u00cdK<\/span><\/a> <a class=\"maxbutton-5 maxbutton maxbutton-kontakt\" href=\"https:\/\/www.partystany.online\/index.php\/kontakt\/\"><span class='mb-text'>KONTAKT<\/span><\/a> <a class=\"maxbutton-8 maxbutton maxbutton-zpet\" href=\"https:\/\/www.partystany.online\/\"><span class='mb-text'>ZP\u011aT<\/span><\/a><\/p>\n<p>&nbsp;<\/p>\n","protected":false},"excerpt":{"rendered":"<p>Party technika a support pro va\u0161e akce bez zbyte\u010dn\u00fdch slo\u017eitost\u00ed. Pot\u0159ebuji zvuk, zvukovou aparaturu od 500W po 10000W, pro hudebn\u00ed produkci DJ, nebo nazvu\u010den\u00ed vystoupen\u00ed um\u011blce i s celou kapelou. Pot\u0159ebuji sv\u011btla pro nasv\u00edcen\u00ed stanu s gastronomi\u00ed, pro sezen\u00ed, pro hudebn\u00ed vystoupen\u00ed v\u010detn\u011b show kter\u00e1 ocen\u00ed i ml\u017en\u00fd opar. Led &hellip; <\/p>\n","protected":false},"author":1,"featured_media":0,"parent":0,"menu_order":0,"comment_status":"closed","ping_status":"closed","template":"","meta":{"footnotes":""},"class_list":["post-287","page","type-page","status-publish","hentry"],"yoast_head":"<!-- This site is optimized with the Yoast SEO plugin v25.0 - https:\/\/yoast.com\/wordpress\/plugins\/seo\/ -->\n<title>Party technika a support - Party stany - party vybaven\u00ed p\u016fj\u010dovna<\/title>\n<meta name=\"description\" content=\"Produk\u010dn\u00ed agentura a p\u016fj\u010dovna. Party stany, technika zvuk, sv\u011btla, elektrick\u00e9 rozvody v\u010detn\u011b p\u0159echod\u016f, invent\u00e1\u0159 a v\u0161eobecn\u00fd support akc\u00ed.\" \/>\n<meta name=\"robots\" content=\"index, follow, max-snippet:-1, max-image-preview:large, max-video-preview:-1\" \/>\n<link rel=\"canonical\" href=\"https:\/\/www.partystany.online\/index.php\/party-technika-a-support\/\" \/>\n<meta property=\"og:locale\" content=\"cs_CZ\" \/>\n<meta property=\"og:type\" content=\"article\" \/>\n<meta property=\"og:title\" content=\"Party technika a support - Party stany - party vybaven\u00ed p\u016fj\u010dovna\" \/>\n<meta property=\"og:description\" content=\"Produk\u010dn\u00ed agentura a p\u016fj\u010dovna. Party stany, technika zvuk, sv\u011btla, elektrick\u00e9 rozvody v\u010detn\u011b p\u0159echod\u016f, invent\u00e1\u0159 a v\u0161eobecn\u00fd support akc\u00ed.\" \/>\n<meta property=\"og:url\" content=\"https:\/\/www.partystany.online\/index.php\/party-technika-a-support\/\" \/>\n<meta property=\"og:site_name\" content=\"Party stany - party vybaven\u00ed\" \/>\n<meta property=\"article:modified_time\" content=\"2025-01-08T19:28:54+00:00\" \/>\n<meta property=\"og:image\" content=\"https:\/\/www.aatsunami.cz\/wp-content\/uploads\/2022\/04\/Snimek-obrazovky-2022-04-05-v-20.28.26.jpg\" \/>\n<meta name=\"twitter:card\" content=\"summary_large_image\" \/>\n<meta name=\"twitter:label1\" content=\"Odhadovan\u00e1 doba \u010dten\u00ed\" \/>\n\t<meta name=\"twitter:data1\" content=\"2 minuty\" \/>\n<script type=\"application\/ld+json\" class=\"yoast-schema-graph\">{\"@context\":\"https:\/\/schema.org\",\"@graph\":[{\"@type\":\"WebPage\",\"@id\":\"https:\/\/www.partystany.online\/index.php\/party-technika-a-support\/\",\"url\":\"https:\/\/www.partystany.online\/index.php\/party-technika-a-support\/\",\"name\":\"Party technika a support - Party stany - party vybaven\u00ed p\u016fj\u010dovna\",\"isPartOf\":{\"@id\":\"https:\/\/www.partystany.online\/#website\"},\"primaryImageOfPage\":{\"@id\":\"https:\/\/www.partystany.online\/index.php\/party-technika-a-support\/#primaryimage\"},\"image\":{\"@id\":\"https:\/\/www.partystany.online\/index.php\/party-technika-a-support\/#primaryimage\"},\"thumbnailUrl\":\"https:\/\/www.aatsunami.cz\/wp-content\/uploads\/2022\/04\/Snimek-obrazovky-2022-04-05-v-20.28.26.jpg\",\"datePublished\":\"2022-09-15T13:52:55+00:00\",\"dateModified\":\"2025-01-08T19:28:54+00:00\",\"description\":\"Produk\u010dn\u00ed agentura a p\u016fj\u010dovna. Party stany, technika zvuk, sv\u011btla, elektrick\u00e9 rozvody v\u010detn\u011b p\u0159echod\u016f, invent\u00e1\u0159 a v\u0161eobecn\u00fd support akc\u00ed.\",\"breadcrumb\":{\"@id\":\"https:\/\/www.partystany.online\/index.php\/party-technika-a-support\/#breadcrumb\"},\"inLanguage\":\"cs\",\"potentialAction\":[{\"@type\":\"ReadAction\",\"target\":[\"https:\/\/www.partystany.online\/index.php\/party-technika-a-support\/\"]}]},{\"@type\":\"ImageObject\",\"inLanguage\":\"cs\",\"@id\":\"https:\/\/www.partystany.online\/index.php\/party-technika-a-support\/#primaryimage\",\"url\":\"https:\/\/www.aatsunami.cz\/wp-content\/uploads\/2022\/04\/Snimek-obrazovky-2022-04-05-v-20.28.26.jpg\",\"contentUrl\":\"https:\/\/www.aatsunami.cz\/wp-content\/uploads\/2022\/04\/Snimek-obrazovky-2022-04-05-v-20.28.26.jpg\"},{\"@type\":\"BreadcrumbList\",\"@id\":\"https:\/\/www.partystany.online\/index.php\/party-technika-a-support\/#breadcrumb\",\"itemListElement\":[{\"@type\":\"ListItem\",\"position\":1,\"name\":\"Dom\u016f\",\"item\":\"https:\/\/www.partystany.online\/\"},{\"@type\":\"ListItem\",\"position\":2,\"name\":\"Party technika a support\"}]},{\"@type\":\"WebSite\",\"@id\":\"https:\/\/www.partystany.online\/#website\",\"url\":\"https:\/\/www.partystany.online\/\",\"name\":\"Party stany - party vybaven\u00ed\",\"description\":\"P\u016fj\u010dovna pro Va\u0161i \u00fasp\u011b\u0161nou party.\",\"publisher\":{\"@id\":\"https:\/\/www.partystany.online\/#organization\"},\"potentialAction\":[{\"@type\":\"SearchAction\",\"target\":{\"@type\":\"EntryPoint\",\"urlTemplate\":\"https:\/\/www.partystany.online\/?s={search_term_string}\"},\"query-input\":{\"@type\":\"PropertyValueSpecification\",\"valueRequired\":true,\"valueName\":\"search_term_string\"}}],\"inLanguage\":\"cs\"},{\"@type\":\"Organization\",\"@id\":\"https:\/\/www.partystany.online\/#organization\",\"name\":\"Party stany - party vybaven\u00ed\",\"url\":\"https:\/\/www.partystany.online\/\",\"logo\":{\"@type\":\"ImageObject\",\"inLanguage\":\"cs\",\"@id\":\"https:\/\/www.partystany.online\/#\/schema\/logo\/image\/\",\"url\":\"https:\/\/www.partystany.online\/wp-content\/uploads\/2021\/01\/cropped-cropped-logo_aa_PRO_1X1_445.jpg\",\"contentUrl\":\"https:\/\/www.partystany.online\/wp-content\/uploads\/2021\/01\/cropped-cropped-logo_aa_PRO_1X1_445.jpg\",\"width\":445,\"height\":246,\"caption\":\"Party stany - party vybaven\u00ed\"},\"image\":{\"@id\":\"https:\/\/www.partystany.online\/#\/schema\/logo\/image\/\"}}]}<\/script>\n<!-- \/ Yoast SEO plugin. -->","yoast_head_json":{"title":"Party technika a support - Party stany - party vybaven\u00ed p\u016fj\u010dovna","description":"Produk\u010dn\u00ed agentura a p\u016fj\u010dovna. Party stany, technika zvuk, sv\u011btla, elektrick\u00e9 rozvody v\u010detn\u011b p\u0159echod\u016f, invent\u00e1\u0159 a v\u0161eobecn\u00fd support akc\u00ed.","robots":{"index":"index","follow":"follow","max-snippet":"max-snippet:-1","max-image-preview":"max-image-preview:large","max-video-preview":"max-video-preview:-1"},"canonical":"https:\/\/www.partystany.online\/index.php\/party-technika-a-support\/","og_locale":"cs_CZ","og_type":"article","og_title":"Party technika a support - Party stany - party vybaven\u00ed p\u016fj\u010dovna","og_description":"Produk\u010dn\u00ed agentura a p\u016fj\u010dovna. Party stany, technika zvuk, sv\u011btla, elektrick\u00e9 rozvody v\u010detn\u011b p\u0159echod\u016f, invent\u00e1\u0159 a v\u0161eobecn\u00fd support akc\u00ed.","og_url":"https:\/\/www.partystany.online\/index.php\/party-technika-a-support\/","og_site_name":"Party stany - party vybaven\u00ed","article_modified_time":"2025-01-08T19:28:54+00:00","og_image":[{"url":"https:\/\/www.aatsunami.cz\/wp-content\/uploads\/2022\/04\/Snimek-obrazovky-2022-04-05-v-20.28.26.jpg","type":"","width":"","height":""}],"twitter_card":"summary_large_image","twitter_misc":{"Odhadovan\u00e1 doba \u010dten\u00ed":"2 minuty"},"schema":{"@context":"https:\/\/schema.org","@graph":[{"@type":"WebPage","@id":"https:\/\/www.partystany.online\/index.php\/party-technika-a-support\/","url":"https:\/\/www.partystany.online\/index.php\/party-technika-a-support\/","name":"Party technika a support - Party stany - party vybaven\u00ed p\u016fj\u010dovna","isPartOf":{"@id":"https:\/\/www.partystany.online\/#website"},"primaryImageOfPage":{"@id":"https:\/\/www.partystany.online\/index.php\/party-technika-a-support\/#primaryimage"},"image":{"@id":"https:\/\/www.partystany.online\/index.php\/party-technika-a-support\/#primaryimage"},"thumbnailUrl":"https:\/\/www.aatsunami.cz\/wp-content\/uploads\/2022\/04\/Snimek-obrazovky-2022-04-05-v-20.28.26.jpg","datePublished":"2022-09-15T13:52:55+00:00","dateModified":"2025-01-08T19:28:54+00:00","description":"Produk\u010dn\u00ed agentura a p\u016fj\u010dovna. Party stany, technika zvuk, sv\u011btla, elektrick\u00e9 rozvody v\u010detn\u011b p\u0159echod\u016f, invent\u00e1\u0159 a v\u0161eobecn\u00fd support akc\u00ed.","breadcrumb":{"@id":"https:\/\/www.partystany.online\/index.php\/party-technika-a-support\/#breadcrumb"},"inLanguage":"cs","potentialAction":[{"@type":"ReadAction","target":["https:\/\/www.partystany.online\/index.php\/party-technika-a-support\/"]}]},{"@type":"ImageObject","inLanguage":"cs","@id":"https:\/\/www.partystany.online\/index.php\/party-technika-a-support\/#primaryimage","url":"https:\/\/www.aatsunami.cz\/wp-content\/uploads\/2022\/04\/Snimek-obrazovky-2022-04-05-v-20.28.26.jpg","contentUrl":"https:\/\/www.aatsunami.cz\/wp-content\/uploads\/2022\/04\/Snimek-obrazovky-2022-04-05-v-20.28.26.jpg"},{"@type":"BreadcrumbList","@id":"https:\/\/www.partystany.online\/index.php\/party-technika-a-support\/#breadcrumb","itemListElement":[{"@type":"ListItem","position":1,"name":"Dom\u016f","item":"https:\/\/www.partystany.online\/"},{"@type":"ListItem","position":2,"name":"Party technika a support"}]},{"@type":"WebSite","@id":"https:\/\/www.partystany.online\/#website","url":"https:\/\/www.partystany.online\/","name":"Party stany - party vybaven\u00ed","description":"P\u016fj\u010dovna pro Va\u0161i \u00fasp\u011b\u0161nou party.","publisher":{"@id":"https:\/\/www.partystany.online\/#organization"},"potentialAction":[{"@type":"SearchAction","target":{"@type":"EntryPoint","urlTemplate":"https:\/\/www.partystany.online\/?s={search_term_string}"},"query-input":{"@type":"PropertyValueSpecification","valueRequired":true,"valueName":"search_term_string"}}],"inLanguage":"cs"},{"@type":"Organization","@id":"https:\/\/www.partystany.online\/#organization","name":"Party stany - party vybaven\u00ed","url":"https:\/\/www.partystany.online\/","logo":{"@type":"ImageObject","inLanguage":"cs","@id":"https:\/\/www.partystany.online\/#\/schema\/logo\/image\/","url":"https:\/\/www.partystany.online\/wp-content\/uploads\/2021\/01\/cropped-cropped-logo_aa_PRO_1X1_445.jpg","contentUrl":"https:\/\/www.partystany.online\/wp-content\/uploads\/2021\/01\/cropped-cropped-logo_aa_PRO_1X1_445.jpg","width":445,"height":246,"caption":"Party stany - party vybaven\u00ed"},"image":{"@id":"https:\/\/www.partystany.online\/#\/schema\/logo\/image\/"}}]}},"_links":{"self":[{"href":"https:\/\/www.partystany.online\/index.php\/wp-json\/wp\/v2\/pages\/287","targetHints":{"allow":["GET"]}}],"collection":[{"href":"https:\/\/www.partystany.online\/index.php\/wp-json\/wp\/v2\/pages"}],"about":[{"href":"https:\/\/www.partystany.online\/index.php\/wp-json\/wp\/v2\/types\/page"}],"author":[{"embeddable":true,"href":"https:\/\/www.partystany.online\/index.php\/wp-json\/wp\/v2\/users\/1"}],"replies":[{"embeddable":true,"href":"https:\/\/www.partystany.online\/index.php\/wp-json\/wp\/v2\/comments?post=287"}],"version-history":[{"count":2,"href":"https:\/\/www.partystany.online\/index.php\/wp-json\/wp\/v2\/pages\/287\/revisions"}],"predecessor-version":[{"id":400,"href":"https:\/\/www.partystany.online\/index.php\/wp-json\/wp\/v2\/pages\/287\/revisions\/400"}],"wp:attachment":[{"href":"https:\/\/www.partystany.online\/index.php\/wp-json\/wp\/v2\/media?parent=287"}],"curies":[{"name":"wp","href":"https:\/\/api.w.org\/{rel}","templated":true}]}}