{"id":182,"date":"2021-01-29T16:38:52","date_gmt":"2021-01-29T16:38:52","guid":{"rendered":"http:\/\/www.partystany.online\/?page_id=182"},"modified":"2022-12-05T14:16:39","modified_gmt":"2022-12-05T14:16:39","slug":"napojove-automaty","status":"publish","type":"page","link":"https:\/\/www.partystany.online\/index.php\/napojove-automaty\/","title":{"rendered":"N\u00e1pojov\u00e9 automaty"},"content":{"rendered":"<h2>N\u00e1pojov\u00e9 automaty<\/h2>\n<p>N\u00e1pojov\u00e9 automaty pro V\u00e1s a va\u0161i firmu &#8211; spole\u010dnost. Kdy\u017e pot\u0159ebujete zajistit drobn\u00e9 ob\u010derstven\u00ed pro klienty a zam\u011bstnance. Automaty na k\u00e1vu a tepl\u00e9 n\u00e1poje, automaty na chlazen\u00e9 n\u00e1poje a drobn\u00e9 pamlsky.<\/p>\n<p>Pro mont\u00e1\u017e sta\u010d\u00ed prostor 2x2m a elektrick\u00e1 energie 220V \/ 16A. Ostatn\u00ed ji\u017e p\u0159ivezeme a nainstalujeme. D\u00e1le zajist\u00edme pravideln\u00fd servis slu\u017eeb \u00fadr\u017eby p\u0159\u00edstroj\u016f a dopln\u011bn\u00ed nab\u00edzen\u00e9ho zbo\u017e\u00ed.<\/p>\n<p>N\u00e1pojov\u00e9 automaty lze pronajmout na obdob\u00ed m\u011bs\u00edc\/ p\u016flrok \/ rok.<\/p>\n<p>Pokud nev\u00edte, jestli slu\u017eby n\u00e1pojov\u00e9ho automatu u v\u00e1s n\u011bkdo ocen\u00ed, poj\u010fme to spole\u010dn\u011b zkusit. Za dva m\u011bs\u00edce budeme m\u00edt jasno. Na\u0161e spole\u010dnost netla\u010d\u00ed na zisky, tedy parametry efektivn\u00edho vyu\u017eit\u00ed n\u00e1pojov\u00fdch\u00a0 automat\u016f m\u00e1me nastaveny p\u0159\u00edzniv\u011b pro men\u0161i spole\u010dnosti. Jste mal\u00e1 firma:<\/p>\n<ul>\n<li>servis<\/li>\n<li>obchod<\/li>\n<li>l\u00e9ka\u0159 &#8211; veterin\u00e1rn\u00ed l\u00e9ka\u0159 s \u010dek\u00e1rnou<\/li>\n<li>kade\u0159n\u00edk<\/li>\n<li>sportovn\u00ed are\u00e1l<\/li>\n<li>fitness atp.<\/li>\n<\/ul>\n<p>Zde v\u0161ude se m\u016f\u017ee uplatnit n\u00e1pojov\u00fd automat. Po zku\u0161enostech doporu\u010dujeme kombinaci automatu na tepl\u00e9 n\u00e1poje a automatu na n\u00e1poje a pamlsky. Kdo by si nedal ke k\u00e1v\u011b oplatek a nebo pro osv\u011b\u017een\u00ed chladn\u00fd n\u00e1poj.<\/p>\n<p>Sortiment vybereme spole\u010dn\u011b a ceny nastav\u00edme dohodou dle kupn\u00ed s\u00edly va\u0161ich klient\u016f. Jak p\u00ed\u0161eme v\u00fd\u0161e, za dva m\u011bs\u00edce zjist\u00edme potenci\u00e1l t\u00e9to slu\u017eby u v\u00e1s. Kladn\u00e9 odezvy u\u017eivatel\u016f n\u00e1pojov\u00fdch automat\u016f v\u00e1s nakonec pot\u011b\u0161\u00ed.<\/p>\n<p>Pro v\u00edce informac\u00ed n\u00e1s nev\u00e1hejte kontaktovat a spole\u010dn\u011b vymysl\u00edme va\u0161i nejlep\u0161\u00ed strategii.<\/p>\n<p><a class=\"maxbutton-7 maxbutton maxbutton-fotografie\" target=\"_blank\" rel=\"noopener\" href=\"https:\/\/www.instagram.com\/aatsunami\/\"><span class='mb-text'>FOTO<\/span><\/a><a class=\"maxbutton-5 maxbutton maxbutton-kontakt\" href=\"https:\/\/www.partystany.online\/index.php\/kontakt\/\"><span class='mb-text'>KONTAKT<\/span><\/a> <a class=\"maxbutton-8 maxbutton maxbutton-zpet\" href=\"https:\/\/www.partystany.online\/\"><span class='mb-text'>ZP\u011aT<\/span><\/a><\/p>\n","protected":false},"excerpt":{"rendered":"<p>N\u00e1pojov\u00e9 automaty N\u00e1pojov\u00e9 automaty pro V\u00e1s a va\u0161i firmu &#8211; spole\u010dnost. Kdy\u017e pot\u0159ebujete zajistit drobn\u00e9 ob\u010derstven\u00ed pro klienty a zam\u011bstnance. Automaty na k\u00e1vu a tepl\u00e9 n\u00e1poje, automaty na chlazen\u00e9 n\u00e1poje a drobn\u00e9 pamlsky. Pro mont\u00e1\u017e sta\u010d\u00ed prostor 2x2m a elektrick\u00e1 energie 220V \/ 16A. Ostatn\u00ed ji\u017e p\u0159ivezeme a nainstalujeme. D\u00e1le &hellip; <\/p>\n","protected":false},"author":1,"featured_media":185,"parent":0,"menu_order":0,"comment_status":"closed","ping_status":"closed","template":"","meta":{"footnotes":""},"class_list":["post-182","page","type-page","status-publish","has-post-thumbnail","hentry"],"yoast_head":"<!-- This site is optimized with the Yoast SEO plugin v25.0 - https:\/\/yoast.com\/wordpress\/plugins\/seo\/ -->\n<title>N\u00e1pojov\u00e9 automaty - Party stany - party vybaven\u00ed zajist\u00edme pro V\u00e1s<\/title>\n<meta name=\"description\" content=\"N\u00e1pojov\u00e9 automaty, v\u0161ude kde je pot\u0159eba a za v\u00fdhodn\u00fdch podm\u00ednek. Party stany a party vybaven\u00ed na va\u0161e akce. Spolehlivost a kvalita, tradice.\" \/>\n<meta name=\"robots\" content=\"index, follow, max-snippet:-1, max-image-preview:large, max-video-preview:-1\" \/>\n<link rel=\"canonical\" href=\"https:\/\/www.partystany.online\/index.php\/napojove-automaty\/\" \/>\n<meta property=\"og:locale\" content=\"cs_CZ\" \/>\n<meta property=\"og:type\" content=\"article\" \/>\n<meta property=\"og:title\" content=\"N\u00e1pojov\u00e9 automaty - Party stany - party vybaven\u00ed zajist\u00edme pro V\u00e1s\" \/>\n<meta property=\"og:description\" content=\"N\u00e1pojov\u00e9 automaty, v\u0161ude kde je pot\u0159eba a za v\u00fdhodn\u00fdch podm\u00ednek. Party stany a party vybaven\u00ed na va\u0161e akce. Spolehlivost a kvalita, tradice.\" \/>\n<meta property=\"og:url\" content=\"https:\/\/www.partystany.online\/index.php\/napojove-automaty\/\" \/>\n<meta property=\"og:site_name\" content=\"Party stany - party vybaven\u00ed\" \/>\n<meta property=\"article:modified_time\" content=\"2022-12-05T14:16:39+00:00\" \/>\n<meta property=\"og:image\" content=\"https:\/\/www.partystany.online\/wp-content\/uploads\/2021\/01\/IMG_8685-scaled.jpg\" \/>\n\t<meta property=\"og:image:width\" content=\"2560\" \/>\n\t<meta property=\"og:image:height\" content=\"1920\" \/>\n\t<meta property=\"og:image:type\" content=\"image\/jpeg\" \/>\n<meta name=\"twitter:card\" content=\"summary_large_image\" \/>\n<meta name=\"twitter:label1\" content=\"Odhadovan\u00e1 doba \u010dten\u00ed\" \/>\n\t<meta name=\"twitter:data1\" content=\"2 minuty\" \/>\n<script type=\"application\/ld+json\" class=\"yoast-schema-graph\">{\"@context\":\"https:\/\/schema.org\",\"@graph\":[{\"@type\":\"WebPage\",\"@id\":\"https:\/\/www.partystany.online\/index.php\/napojove-automaty\/\",\"url\":\"https:\/\/www.partystany.online\/index.php\/napojove-automaty\/\",\"name\":\"N\u00e1pojov\u00e9 automaty - Party stany - party vybaven\u00ed zajist\u00edme pro V\u00e1s\",\"isPartOf\":{\"@id\":\"https:\/\/www.partystany.online\/#website\"},\"primaryImageOfPage\":{\"@id\":\"https:\/\/www.partystany.online\/index.php\/napojove-automaty\/#primaryimage\"},\"image\":{\"@id\":\"https:\/\/www.partystany.online\/index.php\/napojove-automaty\/#primaryimage\"},\"thumbnailUrl\":\"https:\/\/www.partystany.online\/wp-content\/uploads\/2021\/01\/IMG_8685-scaled.jpg\",\"datePublished\":\"2021-01-29T16:38:52+00:00\",\"dateModified\":\"2022-12-05T14:16:39+00:00\",\"description\":\"N\u00e1pojov\u00e9 automaty, v\u0161ude kde je pot\u0159eba a za v\u00fdhodn\u00fdch podm\u00ednek. Party stany a party vybaven\u00ed na va\u0161e akce. Spolehlivost a kvalita, tradice.\",\"breadcrumb\":{\"@id\":\"https:\/\/www.partystany.online\/index.php\/napojove-automaty\/#breadcrumb\"},\"inLanguage\":\"cs\",\"potentialAction\":[{\"@type\":\"ReadAction\",\"target\":[\"https:\/\/www.partystany.online\/index.php\/napojove-automaty\/\"]}]},{\"@type\":\"ImageObject\",\"inLanguage\":\"cs\",\"@id\":\"https:\/\/www.partystany.online\/index.php\/napojove-automaty\/#primaryimage\",\"url\":\"https:\/\/www.partystany.online\/wp-content\/uploads\/2021\/01\/IMG_8685-scaled.jpg\",\"contentUrl\":\"https:\/\/www.partystany.online\/wp-content\/uploads\/2021\/01\/IMG_8685-scaled.jpg\",\"width\":2560,\"height\":1920,\"caption\":\"N\u00e1pojov\u00e9 automaty\"},{\"@type\":\"BreadcrumbList\",\"@id\":\"https:\/\/www.partystany.online\/index.php\/napojove-automaty\/#breadcrumb\",\"itemListElement\":[{\"@type\":\"ListItem\",\"position\":1,\"name\":\"Dom\u016f\",\"item\":\"https:\/\/www.partystany.online\/\"},{\"@type\":\"ListItem\",\"position\":2,\"name\":\"N\u00e1pojov\u00e9 automaty\"}]},{\"@type\":\"WebSite\",\"@id\":\"https:\/\/www.partystany.online\/#website\",\"url\":\"https:\/\/www.partystany.online\/\",\"name\":\"Party stany - party vybaven\u00ed\",\"description\":\"P\u016fj\u010dovna pro Va\u0161i \u00fasp\u011b\u0161nou party.\",\"publisher\":{\"@id\":\"https:\/\/www.partystany.online\/#organization\"},\"potentialAction\":[{\"@type\":\"SearchAction\",\"target\":{\"@type\":\"EntryPoint\",\"urlTemplate\":\"https:\/\/www.partystany.online\/?s={search_term_string}\"},\"query-input\":{\"@type\":\"PropertyValueSpecification\",\"valueRequired\":true,\"valueName\":\"search_term_string\"}}],\"inLanguage\":\"cs\"},{\"@type\":\"Organization\",\"@id\":\"https:\/\/www.partystany.online\/#organization\",\"name\":\"Party stany - party vybaven\u00ed\",\"url\":\"https:\/\/www.partystany.online\/\",\"logo\":{\"@type\":\"ImageObject\",\"inLanguage\":\"cs\",\"@id\":\"https:\/\/www.partystany.online\/#\/schema\/logo\/image\/\",\"url\":\"https:\/\/www.partystany.online\/wp-content\/uploads\/2021\/01\/cropped-cropped-logo_aa_PRO_1X1_445.jpg\",\"contentUrl\":\"https:\/\/www.partystany.online\/wp-content\/uploads\/2021\/01\/cropped-cropped-logo_aa_PRO_1X1_445.jpg\",\"width\":445,\"height\":246,\"caption\":\"Party stany - party vybaven\u00ed\"},\"image\":{\"@id\":\"https:\/\/www.partystany.online\/#\/schema\/logo\/image\/\"}}]}<\/script>\n<!-- \/ Yoast SEO plugin. -->","yoast_head_json":{"title":"N\u00e1pojov\u00e9 automaty - Party stany - party vybaven\u00ed zajist\u00edme pro V\u00e1s","description":"N\u00e1pojov\u00e9 automaty, v\u0161ude kde je pot\u0159eba a za v\u00fdhodn\u00fdch podm\u00ednek. Party stany a party vybaven\u00ed na va\u0161e akce. Spolehlivost a kvalita, tradice.","robots":{"index":"index","follow":"follow","max-snippet":"max-snippet:-1","max-image-preview":"max-image-preview:large","max-video-preview":"max-video-preview:-1"},"canonical":"https:\/\/www.partystany.online\/index.php\/napojove-automaty\/","og_locale":"cs_CZ","og_type":"article","og_title":"N\u00e1pojov\u00e9 automaty - Party stany - party vybaven\u00ed zajist\u00edme pro V\u00e1s","og_description":"N\u00e1pojov\u00e9 automaty, v\u0161ude kde je pot\u0159eba a za v\u00fdhodn\u00fdch podm\u00ednek. Party stany a party vybaven\u00ed na va\u0161e akce. Spolehlivost a kvalita, tradice.","og_url":"https:\/\/www.partystany.online\/index.php\/napojove-automaty\/","og_site_name":"Party stany - party vybaven\u00ed","article_modified_time":"2022-12-05T14:16:39+00:00","og_image":[{"width":2560,"height":1920,"url":"https:\/\/www.partystany.online\/wp-content\/uploads\/2021\/01\/IMG_8685-scaled.jpg","type":"image\/jpeg"}],"twitter_card":"summary_large_image","twitter_misc":{"Odhadovan\u00e1 doba \u010dten\u00ed":"2 minuty"},"schema":{"@context":"https:\/\/schema.org","@graph":[{"@type":"WebPage","@id":"https:\/\/www.partystany.online\/index.php\/napojove-automaty\/","url":"https:\/\/www.partystany.online\/index.php\/napojove-automaty\/","name":"N\u00e1pojov\u00e9 automaty - Party stany - party vybaven\u00ed zajist\u00edme pro V\u00e1s","isPartOf":{"@id":"https:\/\/www.partystany.online\/#website"},"primaryImageOfPage":{"@id":"https:\/\/www.partystany.online\/index.php\/napojove-automaty\/#primaryimage"},"image":{"@id":"https:\/\/www.partystany.online\/index.php\/napojove-automaty\/#primaryimage"},"thumbnailUrl":"https:\/\/www.partystany.online\/wp-content\/uploads\/2021\/01\/IMG_8685-scaled.jpg","datePublished":"2021-01-29T16:38:52+00:00","dateModified":"2022-12-05T14:16:39+00:00","description":"N\u00e1pojov\u00e9 automaty, v\u0161ude kde je pot\u0159eba a za v\u00fdhodn\u00fdch podm\u00ednek. Party stany a party vybaven\u00ed na va\u0161e akce. Spolehlivost a kvalita, tradice.","breadcrumb":{"@id":"https:\/\/www.partystany.online\/index.php\/napojove-automaty\/#breadcrumb"},"inLanguage":"cs","potentialAction":[{"@type":"ReadAction","target":["https:\/\/www.partystany.online\/index.php\/napojove-automaty\/"]}]},{"@type":"ImageObject","inLanguage":"cs","@id":"https:\/\/www.partystany.online\/index.php\/napojove-automaty\/#primaryimage","url":"https:\/\/www.partystany.online\/wp-content\/uploads\/2021\/01\/IMG_8685-scaled.jpg","contentUrl":"https:\/\/www.partystany.online\/wp-content\/uploads\/2021\/01\/IMG_8685-scaled.jpg","width":2560,"height":1920,"caption":"N\u00e1pojov\u00e9 automaty"},{"@type":"BreadcrumbList","@id":"https:\/\/www.partystany.online\/index.php\/napojove-automaty\/#breadcrumb","itemListElement":[{"@type":"ListItem","position":1,"name":"Dom\u016f","item":"https:\/\/www.partystany.online\/"},{"@type":"ListItem","position":2,"name":"N\u00e1pojov\u00e9 automaty"}]},{"@type":"WebSite","@id":"https:\/\/www.partystany.online\/#website","url":"https:\/\/www.partystany.online\/","name":"Party stany - party vybaven\u00ed","description":"P\u016fj\u010dovna pro Va\u0161i \u00fasp\u011b\u0161nou party.","publisher":{"@id":"https:\/\/www.partystany.online\/#organization"},"potentialAction":[{"@type":"SearchAction","target":{"@type":"EntryPoint","urlTemplate":"https:\/\/www.partystany.online\/?s={search_term_string}"},"query-input":{"@type":"PropertyValueSpecification","valueRequired":true,"valueName":"search_term_string"}}],"inLanguage":"cs"},{"@type":"Organization","@id":"https:\/\/www.partystany.online\/#organization","name":"Party stany - party vybaven\u00ed","url":"https:\/\/www.partystany.online\/","logo":{"@type":"ImageObject","inLanguage":"cs","@id":"https:\/\/www.partystany.online\/#\/schema\/logo\/image\/","url":"https:\/\/www.partystany.online\/wp-content\/uploads\/2021\/01\/cropped-cropped-logo_aa_PRO_1X1_445.jpg","contentUrl":"https:\/\/www.partystany.online\/wp-content\/uploads\/2021\/01\/cropped-cropped-logo_aa_PRO_1X1_445.jpg","width":445,"height":246,"caption":"Party stany - party vybaven\u00ed"},"image":{"@id":"https:\/\/www.partystany.online\/#\/schema\/logo\/image\/"}}]}},"_links":{"self":[{"href":"https:\/\/www.partystany.online\/index.php\/wp-json\/wp\/v2\/pages\/182","targetHints":{"allow":["GET"]}}],"collection":[{"href":"https:\/\/www.partystany.online\/index.php\/wp-json\/wp\/v2\/pages"}],"about":[{"href":"https:\/\/www.partystany.online\/index.php\/wp-json\/wp\/v2\/types\/page"}],"author":[{"embeddable":true,"href":"https:\/\/www.partystany.online\/index.php\/wp-json\/wp\/v2\/users\/1"}],"replies":[{"embeddable":true,"href":"https:\/\/www.partystany.online\/index.php\/wp-json\/wp\/v2\/comments?post=182"}],"version-history":[{"count":0,"href":"https:\/\/www.partystany.online\/index.php\/wp-json\/wp\/v2\/pages\/182\/revisions"}],"wp:featuredmedia":[{"embeddable":true,"href":"https:\/\/www.partystany.online\/index.php\/wp-json\/wp\/v2\/media\/185"}],"wp:attachment":[{"href":"https:\/\/www.partystany.online\/index.php\/wp-json\/wp\/v2\/media?parent=182"}],"curies":[{"name":"wp","href":"https:\/\/api.w.org\/{rel}","templated":true}]}}