{"id":114,"date":"2021-01-27T20:28:28","date_gmt":"2021-01-27T20:28:28","guid":{"rendered":"http:\/\/www.partystany.online\/?page_id=114"},"modified":"2025-05-05T05:05:39","modified_gmt":"2025-05-05T05:05:39","slug":"party-vybaveni","status":"publish","type":"page","link":"https:\/\/www.partystany.online\/index.php\/party-vybaveni\/","title":{"rendered":"Party vybaven\u00ed"},"content":{"rendered":"<p>Dnes je party vybaven\u00ed z\u00e1kladem ka\u017ed\u00e9 dobr\u00e9 p\u016fj\u010dovny party stan\u016f a bylo by kardin\u00e1ln\u00ed chybou, nedostatkem, v\u00e1m nic dal\u0161\u00edho nenab\u00eddnout. Na\u0161i klienti v p\u0159\u00edpad\u011b z\u00e1jmu maj\u00ed v\u0161e v jednom a spole\u010dn\u011b s party stany jim nab\u00edz\u00edme dal\u0161\u00ed vybaven\u00ed, kter\u00e9 ocen\u00ed na akc\u00edch v pr\u016fb\u011bhu cel\u00e9ho roku. R\u00e1di zap\u016fj\u010d\u00edme stoly, \u017eidle, pivn\u00ed sety a pom\u016f\u017eeme v\u00e1m s v\u00fdb\u011brem popelnic, popeln\u00edk\u016f, osv\u011btlen\u00ed, ozvu\u010den\u00ed a topen\u00ed. Na\u0161e stany r\u00e1di vybav\u00edme elektrick\u00fdmi rozvody 220V \u2013 400V a to v\u010detn\u011b p\u0159echodov\u00fdch blok\u016f. V p\u0159\u00edpad\u011b pot\u0159eby dovezeme a postav\u00edme, tak abyste ji\u017e nemuseli nic d\u011blat. Pro\u010d nezab\u00edt v\u00edce much jednou ranou a m\u00edt to vy\u0159e\u0161en\u00e9 od jednoho dodavatele.<\/p>\n<p>Od n\u00e1s m\u00e1te v\u0161e v jednom!<\/p>\n<p>&nbsp;<\/p>\n<h3><strong><img loading=\"lazy\" decoding=\"async\" class=\"alignleft wp-image-413 size-thumbnail\" title=\"party vybaven\u00ed\" src=\"https:\/\/www.partystany.online\/wp-content\/uploads\/2025\/05\/Stul_plast_150cm-150x150.jpg\" alt=\"\" width=\"150\" height=\"150\" srcset=\"https:\/\/www.partystany.online\/wp-content\/uploads\/2025\/05\/Stul_plast_150cm-150x150.jpg 150w, https:\/\/www.partystany.online\/wp-content\/uploads\/2025\/05\/Stul_plast_150cm-60x60.jpg 60w, https:\/\/www.partystany.online\/wp-content\/uploads\/2025\/05\/Stul_plast_150cm-235x235.jpg 235w, https:\/\/www.partystany.online\/wp-content\/uploads\/2025\/05\/Stul_plast_150cm-255x255.jpg 255w\" sizes=\"auto, (max-width: 150px) 100vw, 150px\" \/>Plastov\u00fd st\u016fl skl\u00e1dac\u00ed:<\/strong><\/h3>\n<ul>\n<li>76\u00d7152 cm, v\u00fd\u0161ka 74 cm, v\u00e1ha 11 kg<\/li>\n<li>deska z tvrd\u00e9ho polyetylenu, skl\u00e1dac\u00ed nohy z ocelov\u00e9 \u0161ed\u00e9 konstrukce.<\/li>\n<\/ul>\n<p>&nbsp;<\/p>\n<p><img loading=\"lazy\" decoding=\"async\" class=\"alignleft wp-image-410 size-thumbnail\" title=\"party vybaven\u00ed\" src=\"https:\/\/www.partystany.online\/wp-content\/uploads\/2025\/05\/Bistrostolek_plast_80cm-150x150.jpg\" alt=\"\" width=\"150\" height=\"150\" srcset=\"https:\/\/www.partystany.online\/wp-content\/uploads\/2025\/05\/Bistrostolek_plast_80cm-150x150.jpg 150w, https:\/\/www.partystany.online\/wp-content\/uploads\/2025\/05\/Bistrostolek_plast_80cm-60x60.jpg 60w, https:\/\/www.partystany.online\/wp-content\/uploads\/2025\/05\/Bistrostolek_plast_80cm-235x235.jpg 235w, https:\/\/www.partystany.online\/wp-content\/uploads\/2025\/05\/Bistrostolek_plast_80cm-255x255.jpg 255w\" sizes=\"auto, (max-width: 150px) 100vw, 150px\" \/><\/p>\n<h3><strong>Bistro stolek skl\u00e1dac\u00ed:<\/strong><\/h3>\n<ul>\n<li>\u00d8 80cm, v\u00fd\u0161ka 110 cm, v\u00e1ha 8 kg<\/li>\n<li>deska z tvrd\u00e9ho polyetylenu, skl\u00e1dac\u00ed nohy z ocelov\u00e9 \u0161ed\u00e9 konstrukce.<\/li>\n<\/ul>\n<p>&nbsp;<\/p>\n<p><img loading=\"lazy\" decoding=\"async\" class=\"wp-image-409 size-thumbnail alignleft\" src=\"https:\/\/www.partystany.online\/wp-content\/uploads\/2025\/05\/kavarensky_stolek_80-150x150.png\" alt=\"\" width=\"150\" height=\"150\" srcset=\"https:\/\/www.partystany.online\/wp-content\/uploads\/2025\/05\/kavarensky_stolek_80-150x150.png 150w, https:\/\/www.partystany.online\/wp-content\/uploads\/2025\/05\/kavarensky_stolek_80-300x300.png 300w, https:\/\/www.partystany.online\/wp-content\/uploads\/2025\/05\/kavarensky_stolek_80-60x60.png 60w, https:\/\/www.partystany.online\/wp-content\/uploads\/2025\/05\/kavarensky_stolek_80-235x235.png 235w, https:\/\/www.partystany.online\/wp-content\/uploads\/2025\/05\/kavarensky_stolek_80-255x255.png 255w, https:\/\/www.partystany.online\/wp-content\/uploads\/2025\/05\/kavarensky_stolek_80.png 458w\" sizes=\"auto, (max-width: 150px) 100vw, 150px\" \/><\/p>\n<h3><strong>Kav\u00e1rensk\u00fd stolek skl\u00e1dac\u00ed:<\/strong><\/h3>\n<ul>\n<li>\u00d8 80cm, v\u00fd\u0161ka 74 cm, v\u00e1ha 8 kg<\/li>\n<li>deska z tvrd\u00e9ho polyetylenu, skl\u00e1dac\u00ed nohy z ocelov\u00e9 \u0161ed\u00e9 konstrukce.<\/li>\n<\/ul>\n<p>&nbsp;<\/p>\n<p>&nbsp;<\/p>\n<p><img loading=\"lazy\" decoding=\"async\" class=\"alignleft wp-image-411 size-thumbnail\" src=\"https:\/\/www.partystany.online\/wp-content\/uploads\/2025\/05\/plastova_zidle_skladaci-150x150.jpg\" alt=\"\" width=\"150\" height=\"150\" srcset=\"https:\/\/www.partystany.online\/wp-content\/uploads\/2025\/05\/plastova_zidle_skladaci-150x150.jpg 150w, https:\/\/www.partystany.online\/wp-content\/uploads\/2025\/05\/plastova_zidle_skladaci-300x300.jpg 300w, https:\/\/www.partystany.online\/wp-content\/uploads\/2025\/05\/plastova_zidle_skladaci-60x60.jpg 60w, https:\/\/www.partystany.online\/wp-content\/uploads\/2025\/05\/plastova_zidle_skladaci-235x235.jpg 235w, https:\/\/www.partystany.online\/wp-content\/uploads\/2025\/05\/plastova_zidle_skladaci-255x255.jpg 255w, https:\/\/www.partystany.online\/wp-content\/uploads\/2025\/05\/plastova_zidle_skladaci.jpg 627w\" sizes=\"auto, (max-width: 150px) 100vw, 150px\" \/><\/p>\n<h3><strong>Plastov\u00e1 \u017eidle skl\u00e1dac\u00ed:<\/strong><\/h3>\n<p>45x46x88 cm, v\u00e1ha 4 kg<br \/>\nDeska z tvrd\u00e9ho polyetylenu, skl\u00e1dac\u00ed nohy z ocelov\u00e9 \u0161ed\u00e9 konstrukce.<\/p>\n<p>&nbsp;<\/p>\n<p>&nbsp;<\/p>\n<h3><strong><img loading=\"lazy\" decoding=\"async\" class=\"wp-image-414 size-thumbnail alignleft\" src=\"https:\/\/www.partystany.online\/wp-content\/uploads\/2025\/05\/Topeni_plynove_5kW_10l-150x150.jpg\" alt=\"\" width=\"150\" height=\"150\" srcset=\"https:\/\/www.partystany.online\/wp-content\/uploads\/2025\/05\/Topeni_plynove_5kW_10l-150x150.jpg 150w, https:\/\/www.partystany.online\/wp-content\/uploads\/2025\/05\/Topeni_plynove_5kW_10l-60x60.jpg 60w, https:\/\/www.partystany.online\/wp-content\/uploads\/2025\/05\/Topeni_plynove_5kW_10l-235x235.jpg 235w, https:\/\/www.partystany.online\/wp-content\/uploads\/2025\/05\/Topeni_plynove_5kW_10l-255x255.jpg 255w\" sizes=\"auto, (max-width: 150px) 100vw, 150px\" \/>Plynov\u00e9 topen\u00ed:<\/strong><\/h3>\n<ul>\n<li>transportn\u00ed z\u00e1suvn\u00fd sloupek a kole\u010dka<\/li>\n<li>reflektor z\u00e1\u0159i\u010de \u00f8 76 cm \/ rozsah \u00f8 9 m<\/li>\n<li>piezoelektrick\u00e9 zapalov\u00e1n\u00ed<\/li>\n<li>v\u00fdkon z\u00e1\u0159i\u010de 3 \u2013 8 kW<\/li>\n<li>spot\u0159eba z\u00e1\u0159i\u010de 218 \u2013 582 g\/h<\/li>\n<li>d\u00e9lka provozu z\u00e1\u0159i\u010de 19 \u2013 50 h<\/li>\n<li>v\u00fd\u0161ka 220 cm \/ transport 155 cm<\/li>\n<\/ul>\n<p>&nbsp;<\/p>\n<p><img loading=\"lazy\" decoding=\"async\" class=\"alignleft wp-image-420 size-thumbnail\" title=\"P\" src=\"https:\/\/www.partystany.online\/wp-content\/uploads\/2025\/05\/Plynovy_topny_ventilator-150x150.jpeg\" alt=\"\" width=\"150\" height=\"150\" srcset=\"https:\/\/www.partystany.online\/wp-content\/uploads\/2025\/05\/Plynovy_topny_ventilator-150x150.jpeg 150w, https:\/\/www.partystany.online\/wp-content\/uploads\/2025\/05\/Plynovy_topny_ventilator-300x300.jpeg 300w, https:\/\/www.partystany.online\/wp-content\/uploads\/2025\/05\/Plynovy_topny_ventilator-1024x1024.jpeg 1024w, https:\/\/www.partystany.online\/wp-content\/uploads\/2025\/05\/Plynovy_topny_ventilator-768x768.jpeg 768w, https:\/\/www.partystany.online\/wp-content\/uploads\/2025\/05\/Plynovy_topny_ventilator-1536x1536.jpeg 1536w, https:\/\/www.partystany.online\/wp-content\/uploads\/2025\/05\/Plynovy_topny_ventilator-60x60.jpeg 60w, https:\/\/www.partystany.online\/wp-content\/uploads\/2025\/05\/Plynovy_topny_ventilator-235x235.jpeg 235w, https:\/\/www.partystany.online\/wp-content\/uploads\/2025\/05\/Plynovy_topny_ventilator-255x255.jpeg 255w, https:\/\/www.partystany.online\/wp-content\/uploads\/2025\/05\/Plynovy_topny_ventilator.jpeg 1772w\" sizes=\"auto, (max-width: 150px) 100vw, 150px\" \/><\/p>\n<h3><strong>Plynov\u00fd topn\u00fd ventil\u00e1tor:<\/strong><\/h3>\n<ul>\n<li>tepeln\u00fd v\u00fdkon 21-33kW<\/li>\n<li>piezoelektrick\u00e9 zapalov\u00e1n\u00ed<\/li>\n<li>minim\u00e1ln\u00ed objem prostoru 300m3<\/li>\n<li>rozm\u011bry (\u0161 x h x v) 46,5\u00d722,5\u00d737,5cm<\/li>\n<li>hmotnost 5,6kg<\/li>\n<li>elektrick\u00e9 zapojen\u00ed \/ p\u0159\u00edkon 220V \/ 70w<strong><br \/>\n<\/strong><\/li>\n<\/ul>\n<h3><strong><img loading=\"lazy\" decoding=\"async\" class=\"alignleft wp-image-417 size-thumbnail\" src=\"https:\/\/www.partystany.online\/wp-content\/uploads\/2025\/05\/Topeni_elektricke_2kW-150x150.jpg\" alt=\"\" width=\"150\" height=\"150\" srcset=\"https:\/\/www.partystany.online\/wp-content\/uploads\/2025\/05\/Topeni_elektricke_2kW-150x150.jpg 150w, https:\/\/www.partystany.online\/wp-content\/uploads\/2025\/05\/Topeni_elektricke_2kW-60x60.jpg 60w, https:\/\/www.partystany.online\/wp-content\/uploads\/2025\/05\/Topeni_elektricke_2kW-235x235.jpg 235w, https:\/\/www.partystany.online\/wp-content\/uploads\/2025\/05\/Topeni_elektricke_2kW-255x255.jpg 255w\" sizes=\"auto, (max-width: 150px) 100vw, 150px\" \/>Infra\u010derven\u00fd z\u00e1\u0159i\u010d:<\/strong><\/h3>\n<ul>\n<li>tepeln\u00fd v\u00fdkon 2kW<\/li>\n<li>objem prostoru 12m3<\/li>\n<li>rozm\u011bry (\u0161 x h x v) 14x47x23cm<\/li>\n<li>hmotnost 3,8kg<\/li>\n<li>elektrick\u00e9 zapojen\u00ed \/ p\u0159\u00edkon 220V \/ 8A<\/li>\n<\/ul>\n<p>&nbsp;<\/p>\n<p><img loading=\"lazy\" decoding=\"async\" class=\"alignleft wp-image-421 size-thumbnail\" src=\"https:\/\/www.partystany.online\/wp-content\/uploads\/2025\/05\/led-30w-2100l-150x150.jpg\" alt=\"\" width=\"150\" height=\"150\" srcset=\"https:\/\/www.partystany.online\/wp-content\/uploads\/2025\/05\/led-30w-2100l-150x150.jpg 150w, https:\/\/www.partystany.online\/wp-content\/uploads\/2025\/05\/led-30w-2100l-300x300.jpg 300w, https:\/\/www.partystany.online\/wp-content\/uploads\/2025\/05\/led-30w-2100l-768x768.jpg 768w, https:\/\/www.partystany.online\/wp-content\/uploads\/2025\/05\/led-30w-2100l-60x60.jpg 60w, https:\/\/www.partystany.online\/wp-content\/uploads\/2025\/05\/led-30w-2100l-235x235.jpg 235w, https:\/\/www.partystany.online\/wp-content\/uploads\/2025\/05\/led-30w-2100l-255x255.jpg 255w, https:\/\/www.partystany.online\/wp-content\/uploads\/2025\/05\/led-30w-2100l.jpg 800w\" sizes=\"auto, (max-width: 150px) 100vw, 150px\" \/><\/p>\n<h3><strong>Sv\u011btlo LED:<\/strong><\/h3>\n<ul>\n<li>vana<\/li>\n<li>sv\u011bteln\u00fd v\u00fdkon 2100l<\/li>\n<li>elektrick\u00e9 zapojen\u00ed \/ p\u0159\u00edkon 220V \/ 30W<\/li>\n<\/ul>\n<p>&nbsp;<\/p>\n<h3><strong><img loading=\"lazy\" decoding=\"async\" class=\"alignleft wp-image-412 size-thumbnail\" src=\"https:\/\/www.partystany.online\/wp-content\/uploads\/2025\/05\/Pivni_set-150x150.jpg\" alt=\"\" width=\"150\" height=\"150\" srcset=\"https:\/\/www.partystany.online\/wp-content\/uploads\/2025\/05\/Pivni_set-150x150.jpg 150w, https:\/\/www.partystany.online\/wp-content\/uploads\/2025\/05\/Pivni_set-300x300.jpg 300w, https:\/\/www.partystany.online\/wp-content\/uploads\/2025\/05\/Pivni_set-60x60.jpg 60w, https:\/\/www.partystany.online\/wp-content\/uploads\/2025\/05\/Pivni_set-235x235.jpg 235w, https:\/\/www.partystany.online\/wp-content\/uploads\/2025\/05\/Pivni_set-255x255.jpg 255w, https:\/\/www.partystany.online\/wp-content\/uploads\/2025\/05\/Pivni_set.jpg 360w\" sizes=\"auto, (max-width: 150px) 100vw, 150px\" \/>Pivn\u00ed set:<\/strong><\/h3>\n<ul>\n<li>rozm\u011bry st\u016fl (v x \u0161) 220 x 60<\/li>\n<li>hmotnost 30kg<\/li>\n<li>kapacita 8 osob<\/li>\n<\/ul>\n<p>&nbsp;<\/p>\n<p><img loading=\"lazy\" decoding=\"async\" class=\"alignleft wp-image-415 size-thumbnail\" src=\"https:\/\/www.partystany.online\/wp-content\/uploads\/2025\/05\/Kabelovy-prechod-150x150.jpg\" alt=\"\" width=\"150\" height=\"150\" srcset=\"https:\/\/www.partystany.online\/wp-content\/uploads\/2025\/05\/Kabelovy-prechod-150x150.jpg 150w, https:\/\/www.partystany.online\/wp-content\/uploads\/2025\/05\/Kabelovy-prechod-60x60.jpg 60w, https:\/\/www.partystany.online\/wp-content\/uploads\/2025\/05\/Kabelovy-prechod.jpg 198w\" sizes=\"auto, (max-width: 150px) 100vw, 150px\" \/><\/p>\n<h3><strong>Odpad a bezpe\u010dnost:<\/strong><\/h3>\n<ul>\n<li>ko\u0161e s popeln\u00edkem<\/li>\n<li>stojan na odpad s v\u00edkem, kapacita 125l<\/li>\n<li>kabelov\u00e9 p\u0159echody indoor a outdoor<\/li>\n<\/ul>\n<p>&nbsp;<\/p>\n<p>&nbsp;<\/p>\n<p>Ne\u017e se za\u010dnete pt\u00e1t co za kolik, zkuste nahl\u00eddnout do cen\u00edku a mo\u017en\u00e1 si u\u0161et\u0159\u00edme spoustu \u010dasu pro p\u0159\u00edjemn\u011bj\u0161\u00ed chv\u00edle.<\/p>\n<a class=\"maxbutton-7 maxbutton maxbutton-fotografie\" target=\"_blank\" rel=\"noopener\" href=\"https:\/\/www.instagram.com\/aatsunami\/\"><span class='mb-text'>FOTO<\/span><\/a>\n<a class=\"maxbutton-6 maxbutton maxbutton-cenik\" target=\"_blank\" rel=\"noopener\" href=\"https:\/\/www.partystany.online\/wp-content\/uploads\/2022\/11\/AATSUNAMI_cenik_pujcovna_2023_1.pdf\"><span class='mb-text'>CEN\u00cdK<\/span><\/a>\n<p><a class=\"maxbutton-1 maxbutton maxbutton-stany\" href=\"https:\/\/www.partystany.online\/index.php\/party-stany-vybaveni\/\"><span class='mb-text'>STANY<\/span><\/a><a class=\"maxbutton-8 maxbutton maxbutton-zpet\" href=\"https:\/\/www.partystany.online\/\"><span class='mb-text'>ZP\u011aT<\/span><\/a><\/p>\n","protected":false},"excerpt":{"rendered":"<p>Dnes je party vybaven\u00ed z\u00e1kladem ka\u017ed\u00e9 dobr\u00e9 p\u016fj\u010dovny party stan\u016f a bylo by kardin\u00e1ln\u00ed chybou, nedostatkem, v\u00e1m nic dal\u0161\u00edho nenab\u00eddnout. Na\u0161i klienti v p\u0159\u00edpad\u011b z\u00e1jmu maj\u00ed v\u0161e v jednom a spole\u010dn\u011b s party stany jim nab\u00edz\u00edme dal\u0161\u00ed vybaven\u00ed, kter\u00e9 ocen\u00ed na akc\u00edch v pr\u016fb\u011bhu cel\u00e9ho roku. R\u00e1di zap\u016fj\u010d\u00edme stoly, \u017eidle, &hellip; <\/p>\n","protected":false},"author":1,"featured_media":163,"parent":0,"menu_order":0,"comment_status":"closed","ping_status":"closed","template":"","meta":{"footnotes":""},"class_list":["post-114","page","type-page","status-publish","has-post-thumbnail","hentry"],"yoast_head":"<!-- This site is optimized with the Yoast SEO plugin v25.0 - https:\/\/yoast.com\/wordpress\/plugins\/seo\/ -->\n<title>Party vybaven\u00ed - p\u016fj\u010dovna party stan\u016f s vybaven\u00edm -<\/title>\n<meta name=\"description\" content=\"Party vybaven\u00ed je ned\u00edlnou sou\u010d\u00e1st\u00ed na\u0161\u00ed p\u016fj\u010dovny party stan\u016f. St\u016fl, \u017eidle, topen\u00ed, sv\u011btlo, ozvu\u010den\u00ed...to v\u0161e na kl\u00ed\u010d od A do Z\" \/>\n<meta name=\"robots\" content=\"index, follow, max-snippet:-1, max-image-preview:large, max-video-preview:-1\" \/>\n<link rel=\"canonical\" href=\"https:\/\/www.partystany.online\/index.php\/party-vybaveni\/\" \/>\n<meta property=\"og:locale\" content=\"cs_CZ\" \/>\n<meta property=\"og:type\" content=\"article\" \/>\n<meta property=\"og:title\" content=\"Party vybaven\u00ed - p\u016fj\u010dovna party stan\u016f s vybaven\u00edm -\" \/>\n<meta property=\"og:description\" content=\"Party vybaven\u00ed je ned\u00edlnou sou\u010d\u00e1st\u00ed na\u0161\u00ed p\u016fj\u010dovny party stan\u016f. St\u016fl, \u017eidle, topen\u00ed, sv\u011btlo, ozvu\u010den\u00ed...to v\u0161e na kl\u00ed\u010d od A do Z\" \/>\n<meta property=\"og:url\" content=\"https:\/\/www.partystany.online\/index.php\/party-vybaveni\/\" \/>\n<meta property=\"og:site_name\" content=\"Party stany - party vybaven\u00ed\" \/>\n<meta property=\"article:modified_time\" content=\"2025-05-05T05:05:39+00:00\" \/>\n<meta property=\"og:image\" content=\"https:\/\/www.partystany.online\/wp-content\/uploads\/2021\/01\/Party-vybaveni.jpg\" \/>\n\t<meta property=\"og:image:width\" content=\"960\" \/>\n\t<meta property=\"og:image:height\" content=\"720\" \/>\n\t<meta property=\"og:image:type\" content=\"image\/jpeg\" \/>\n<meta name=\"twitter:card\" content=\"summary_large_image\" \/>\n<meta name=\"twitter:label1\" content=\"Odhadovan\u00e1 doba \u010dten\u00ed\" \/>\n\t<meta name=\"twitter:data1\" content=\"4 minuty\" \/>\n<script type=\"application\/ld+json\" class=\"yoast-schema-graph\">{\"@context\":\"https:\/\/schema.org\",\"@graph\":[{\"@type\":\"WebPage\",\"@id\":\"https:\/\/www.partystany.online\/index.php\/party-vybaveni\/\",\"url\":\"https:\/\/www.partystany.online\/index.php\/party-vybaveni\/\",\"name\":\"Party vybaven\u00ed - p\u016fj\u010dovna party stan\u016f s vybaven\u00edm -\",\"isPartOf\":{\"@id\":\"https:\/\/www.partystany.online\/#website\"},\"primaryImageOfPage\":{\"@id\":\"https:\/\/www.partystany.online\/index.php\/party-vybaveni\/#primaryimage\"},\"image\":{\"@id\":\"https:\/\/www.partystany.online\/index.php\/party-vybaveni\/#primaryimage\"},\"thumbnailUrl\":\"https:\/\/www.partystany.online\/wp-content\/uploads\/2021\/01\/Party-vybaveni.jpg\",\"datePublished\":\"2021-01-27T20:28:28+00:00\",\"dateModified\":\"2025-05-05T05:05:39+00:00\",\"description\":\"Party vybaven\u00ed je ned\u00edlnou sou\u010d\u00e1st\u00ed na\u0161\u00ed p\u016fj\u010dovny party stan\u016f. St\u016fl, \u017eidle, topen\u00ed, sv\u011btlo, ozvu\u010den\u00ed...to v\u0161e na kl\u00ed\u010d od A do Z\",\"breadcrumb\":{\"@id\":\"https:\/\/www.partystany.online\/index.php\/party-vybaveni\/#breadcrumb\"},\"inLanguage\":\"cs\",\"potentialAction\":[{\"@type\":\"ReadAction\",\"target\":[\"https:\/\/www.partystany.online\/index.php\/party-vybaveni\/\"]}]},{\"@type\":\"ImageObject\",\"inLanguage\":\"cs\",\"@id\":\"https:\/\/www.partystany.online\/index.php\/party-vybaveni\/#primaryimage\",\"url\":\"https:\/\/www.partystany.online\/wp-content\/uploads\/2021\/01\/Party-vybaveni.jpg\",\"contentUrl\":\"https:\/\/www.partystany.online\/wp-content\/uploads\/2021\/01\/Party-vybaveni.jpg\",\"width\":960,\"height\":720,\"caption\":\"Party vybaven\u00ed\"},{\"@type\":\"BreadcrumbList\",\"@id\":\"https:\/\/www.partystany.online\/index.php\/party-vybaveni\/#breadcrumb\",\"itemListElement\":[{\"@type\":\"ListItem\",\"position\":1,\"name\":\"Dom\u016f\",\"item\":\"https:\/\/www.partystany.online\/\"},{\"@type\":\"ListItem\",\"position\":2,\"name\":\"Party vybaven\u00ed\"}]},{\"@type\":\"WebSite\",\"@id\":\"https:\/\/www.partystany.online\/#website\",\"url\":\"https:\/\/www.partystany.online\/\",\"name\":\"Party stany - party vybaven\u00ed\",\"description\":\"P\u016fj\u010dovna pro Va\u0161i \u00fasp\u011b\u0161nou party.\",\"publisher\":{\"@id\":\"https:\/\/www.partystany.online\/#organization\"},\"potentialAction\":[{\"@type\":\"SearchAction\",\"target\":{\"@type\":\"EntryPoint\",\"urlTemplate\":\"https:\/\/www.partystany.online\/?s={search_term_string}\"},\"query-input\":{\"@type\":\"PropertyValueSpecification\",\"valueRequired\":true,\"valueName\":\"search_term_string\"}}],\"inLanguage\":\"cs\"},{\"@type\":\"Organization\",\"@id\":\"https:\/\/www.partystany.online\/#organization\",\"name\":\"Party stany - party vybaven\u00ed\",\"url\":\"https:\/\/www.partystany.online\/\",\"logo\":{\"@type\":\"ImageObject\",\"inLanguage\":\"cs\",\"@id\":\"https:\/\/www.partystany.online\/#\/schema\/logo\/image\/\",\"url\":\"https:\/\/www.partystany.online\/wp-content\/uploads\/2021\/01\/cropped-cropped-logo_aa_PRO_1X1_445.jpg\",\"contentUrl\":\"https:\/\/www.partystany.online\/wp-content\/uploads\/2021\/01\/cropped-cropped-logo_aa_PRO_1X1_445.jpg\",\"width\":445,\"height\":246,\"caption\":\"Party stany - party vybaven\u00ed\"},\"image\":{\"@id\":\"https:\/\/www.partystany.online\/#\/schema\/logo\/image\/\"}}]}<\/script>\n<!-- \/ Yoast SEO plugin. -->","yoast_head_json":{"title":"Party vybaven\u00ed - p\u016fj\u010dovna party stan\u016f s vybaven\u00edm -","description":"Party vybaven\u00ed je ned\u00edlnou sou\u010d\u00e1st\u00ed na\u0161\u00ed p\u016fj\u010dovny party stan\u016f. St\u016fl, \u017eidle, topen\u00ed, sv\u011btlo, ozvu\u010den\u00ed...to v\u0161e na kl\u00ed\u010d od A do Z","robots":{"index":"index","follow":"follow","max-snippet":"max-snippet:-1","max-image-preview":"max-image-preview:large","max-video-preview":"max-video-preview:-1"},"canonical":"https:\/\/www.partystany.online\/index.php\/party-vybaveni\/","og_locale":"cs_CZ","og_type":"article","og_title":"Party vybaven\u00ed - p\u016fj\u010dovna party stan\u016f s vybaven\u00edm -","og_description":"Party vybaven\u00ed je ned\u00edlnou sou\u010d\u00e1st\u00ed na\u0161\u00ed p\u016fj\u010dovny party stan\u016f. St\u016fl, \u017eidle, topen\u00ed, sv\u011btlo, ozvu\u010den\u00ed...to v\u0161e na kl\u00ed\u010d od A do Z","og_url":"https:\/\/www.partystany.online\/index.php\/party-vybaveni\/","og_site_name":"Party stany - party vybaven\u00ed","article_modified_time":"2025-05-05T05:05:39+00:00","og_image":[{"width":960,"height":720,"url":"https:\/\/www.partystany.online\/wp-content\/uploads\/2021\/01\/Party-vybaveni.jpg","type":"image\/jpeg"}],"twitter_card":"summary_large_image","twitter_misc":{"Odhadovan\u00e1 doba \u010dten\u00ed":"4 minuty"},"schema":{"@context":"https:\/\/schema.org","@graph":[{"@type":"WebPage","@id":"https:\/\/www.partystany.online\/index.php\/party-vybaveni\/","url":"https:\/\/www.partystany.online\/index.php\/party-vybaveni\/","name":"Party vybaven\u00ed - p\u016fj\u010dovna party stan\u016f s vybaven\u00edm -","isPartOf":{"@id":"https:\/\/www.partystany.online\/#website"},"primaryImageOfPage":{"@id":"https:\/\/www.partystany.online\/index.php\/party-vybaveni\/#primaryimage"},"image":{"@id":"https:\/\/www.partystany.online\/index.php\/party-vybaveni\/#primaryimage"},"thumbnailUrl":"https:\/\/www.partystany.online\/wp-content\/uploads\/2021\/01\/Party-vybaveni.jpg","datePublished":"2021-01-27T20:28:28+00:00","dateModified":"2025-05-05T05:05:39+00:00","description":"Party vybaven\u00ed je ned\u00edlnou sou\u010d\u00e1st\u00ed na\u0161\u00ed p\u016fj\u010dovny party stan\u016f. St\u016fl, \u017eidle, topen\u00ed, sv\u011btlo, ozvu\u010den\u00ed...to v\u0161e na kl\u00ed\u010d od A do Z","breadcrumb":{"@id":"https:\/\/www.partystany.online\/index.php\/party-vybaveni\/#breadcrumb"},"inLanguage":"cs","potentialAction":[{"@type":"ReadAction","target":["https:\/\/www.partystany.online\/index.php\/party-vybaveni\/"]}]},{"@type":"ImageObject","inLanguage":"cs","@id":"https:\/\/www.partystany.online\/index.php\/party-vybaveni\/#primaryimage","url":"https:\/\/www.partystany.online\/wp-content\/uploads\/2021\/01\/Party-vybaveni.jpg","contentUrl":"https:\/\/www.partystany.online\/wp-content\/uploads\/2021\/01\/Party-vybaveni.jpg","width":960,"height":720,"caption":"Party vybaven\u00ed"},{"@type":"BreadcrumbList","@id":"https:\/\/www.partystany.online\/index.php\/party-vybaveni\/#breadcrumb","itemListElement":[{"@type":"ListItem","position":1,"name":"Dom\u016f","item":"https:\/\/www.partystany.online\/"},{"@type":"ListItem","position":2,"name":"Party vybaven\u00ed"}]},{"@type":"WebSite","@id":"https:\/\/www.partystany.online\/#website","url":"https:\/\/www.partystany.online\/","name":"Party stany - party vybaven\u00ed","description":"P\u016fj\u010dovna pro Va\u0161i \u00fasp\u011b\u0161nou party.","publisher":{"@id":"https:\/\/www.partystany.online\/#organization"},"potentialAction":[{"@type":"SearchAction","target":{"@type":"EntryPoint","urlTemplate":"https:\/\/www.partystany.online\/?s={search_term_string}"},"query-input":{"@type":"PropertyValueSpecification","valueRequired":true,"valueName":"search_term_string"}}],"inLanguage":"cs"},{"@type":"Organization","@id":"https:\/\/www.partystany.online\/#organization","name":"Party stany - party vybaven\u00ed","url":"https:\/\/www.partystany.online\/","logo":{"@type":"ImageObject","inLanguage":"cs","@id":"https:\/\/www.partystany.online\/#\/schema\/logo\/image\/","url":"https:\/\/www.partystany.online\/wp-content\/uploads\/2021\/01\/cropped-cropped-logo_aa_PRO_1X1_445.jpg","contentUrl":"https:\/\/www.partystany.online\/wp-content\/uploads\/2021\/01\/cropped-cropped-logo_aa_PRO_1X1_445.jpg","width":445,"height":246,"caption":"Party stany - party vybaven\u00ed"},"image":{"@id":"https:\/\/www.partystany.online\/#\/schema\/logo\/image\/"}}]}},"_links":{"self":[{"href":"https:\/\/www.partystany.online\/index.php\/wp-json\/wp\/v2\/pages\/114","targetHints":{"allow":["GET"]}}],"collection":[{"href":"https:\/\/www.partystany.online\/index.php\/wp-json\/wp\/v2\/pages"}],"about":[{"href":"https:\/\/www.partystany.online\/index.php\/wp-json\/wp\/v2\/types\/page"}],"author":[{"embeddable":true,"href":"https:\/\/www.partystany.online\/index.php\/wp-json\/wp\/v2\/users\/1"}],"replies":[{"embeddable":true,"href":"https:\/\/www.partystany.online\/index.php\/wp-json\/wp\/v2\/comments?post=114"}],"version-history":[{"count":4,"href":"https:\/\/www.partystany.online\/index.php\/wp-json\/wp\/v2\/pages\/114\/revisions"}],"predecessor-version":[{"id":423,"href":"https:\/\/www.partystany.online\/index.php\/wp-json\/wp\/v2\/pages\/114\/revisions\/423"}],"wp:featuredmedia":[{"embeddable":true,"href":"https:\/\/www.partystany.online\/index.php\/wp-json\/wp\/v2\/media\/163"}],"wp:attachment":[{"href":"https:\/\/www.partystany.online\/index.php\/wp-json\/wp\/v2\/media?parent=114"}],"curies":[{"name":"wp","href":"https:\/\/api.w.org\/{rel}","templated":true}]}}